{"id":298,"date":"2024-07-25T01:14:03","date_gmt":"2024-07-25T04:14:03","guid":{"rendered":"https:\/\/zemo.com.br\/dev\/?page_id=298"},"modified":"2024-07-31T17:36:13","modified_gmt":"2024-07-31T20:36:13","slug":"traducao-de-demonstrativos-de-resultado-economico","status":"publish","type":"page","link":"https:\/\/zemo.com.br\/es\/traducao-de-demonstrativos-de-resultado-economico\/","title":{"rendered":"Traducci\u00f3n de Informes Financieros"},"content":{"rendered":"<div data-elementor-type=\"wp-page\" data-elementor-id=\"298\" class=\"elementor elementor-298\" data-elementor-post-type=\"page\">\n\t\t\t\t<div class=\"elementor-element elementor-element-513b9aa e-con-full e-flex e-con e-parent\" data-id=\"513b9aa\" data-element_type=\"container\" data-settings=\"{&quot;background_background&quot;:&quot;classic&quot;}\">\n\t\t<div class=\"elementor-element elementor-element-72ba634 e-flex e-con-boxed e-con e-child\" data-id=\"72ba634\" data-element_type=\"container\">\n\t\t\t\t\t<div class=\"e-con-inner\">\n\t\t\t\t<div class=\"elementor-element elementor-element-ad901ad elementor-widget elementor-widget-heading\" data-id=\"ad901ad\" data-element_type=\"widget\" data-widget_type=\"heading.default\">\n\t\t\t\t<div class=\"elementor-widget-container\">\n\t\t\t\t\t<h1 class=\"elementor-heading-title elementor-size-default\">Traducci\u00f3n de Informes Financieros<\/h1>\t\t\t\t<\/div>\n\t\t\t\t<\/div>\n\t\t\t\t<div class=\"elementor-element elementor-element-26a1a63 elementor-widget elementor-widget-text-editor\" data-id=\"26a1a63\" data-element_type=\"widget\" data-widget_type=\"text-editor.default\">\n\t\t\t\t<div class=\"elementor-widget-container\">\n\t\t\t\t\t\t\t\t\t<p>En Zemo Tradu\u00e7\u00f5es, comprendemos la importancia de comunicar con precisi\u00f3n y claridad los resultados de una empresa. Nuestros servicios de traducci\u00f3n de informes financieros est\u00e1n dise\u00f1ados para ayudar a las empresas a expandirse globalmente al garantizar que sus estados financieros se entiendan en diferentes idiomas y culturas.<\/p>\t\t\t\t\t\t\t\t<\/div>\n\t\t\t\t<\/div>\n\t\t\t\t<div class=\"elementor-element elementor-element-6a0d6d5 elementor-widget elementor-widget-heading\" data-id=\"6a0d6d5\" data-element_type=\"widget\" data-widget_type=\"heading.default\">\n\t\t\t\t<div class=\"elementor-widget-container\">\n\t\t\t\t\t<h2 class=\"elementor-heading-title elementor-size-default\">\u00bfPor qu\u00e9 traducir sus informes financieros?<\/h2>\t\t\t\t<\/div>\n\t\t\t\t<\/div>\n\t\t\t\t<div class=\"elementor-element elementor-element-ebbb181 elementor-widget elementor-widget-text-editor\" data-id=\"ebbb181\" data-element_type=\"widget\" data-widget_type=\"text-editor.default\">\n\t\t\t\t<div class=\"elementor-widget-container\">\n\t\t\t\t\t\t\t\t\t<p><strong>Acceso a Mercados Internacionales:<\/strong> Traducir sus estados financieros permite a su empresa acceder a nuevos mercados internacionales. Al proporcionar informaci\u00f3n financiera en diferentes idiomas, hace que su negocio sea m\u00e1s accesible y atractivo para los inversores y socios comerciales extranjeros.<\/p><p><strong>Transparencia y cumplimiento:<\/strong> La traducci\u00f3n precisa y completa de los estados financieros es esencial para garantizar la transparencia y el cumplimiento de las regulaciones internacionales. Esto es especialmente importante para las empresas que operan en mercados globales y necesitan cumplir con las regulaciones contables y fiscales en diferentes jurisdicciones.<\/p><p><strong>Comprensi\u00f3n y confianza de los inversores:<\/strong> Los inversores extranjeros y los socios comerciales requieren transparencia y claridad en los informes financieros para tomar decisiones informadas. La traducci\u00f3n de sus estados financieros demuestra un compromiso con la transparencia y genera confianza con los inversores y las partes interesadas internacionales.<\/p><p><strong>Gesti\u00f3n de riesgos y oportunidades:<\/strong> Comprender con precisi\u00f3n los resultados de una empresa en diferentes mercados es esencial para identificar los riesgos y oportunidades comerciales. Traducir sus estados financieros ayuda a analizar y tomar decisiones estrat\u00e9gicas, en un contexto global.<\/p>\t\t\t\t\t\t\t\t<\/div>\n\t\t\t\t<\/div>\n\t\t\t\t<div class=\"elementor-element elementor-element-543a001 elementor-widget elementor-widget-heading\" data-id=\"543a001\" data-element_type=\"widget\" data-widget_type=\"heading.default\">\n\t\t\t\t<div class=\"elementor-widget-container\">\n\t\t\t\t\t<h2 class=\"elementor-heading-title elementor-size-default\">Nuestros servicios de traducci\u00f3n:<\/h2>\t\t\t\t<\/div>\n\t\t\t\t<\/div>\n\t\t\t\t<div class=\"elementor-element elementor-element-06b5763 elementor-widget elementor-widget-text-editor\" data-id=\"06b5763\" data-element_type=\"widget\" data-widget_type=\"text-editor.default\">\n\t\t\t\t<div class=\"elementor-widget-container\">\n\t\t\t\t\t\t\t\t\t<p>En Zemo Tradu\u00e7\u00f5es, contamos con un equipo de traductores especializados en finanzas y contabilidad, lo que garantiza que sus informes financieros se traduzcan con precisi\u00f3n y exactitud. Nuestro compromiso con la calidad y la fiabilidad nos sit\u00faa a la vanguardia de la traducci\u00f3n de documentos financieros a una variedad de idiomas.<\/p>\t\t\t\t\t\t\t\t<\/div>\n\t\t\t\t<\/div>\n\t\t\t\t<div class=\"elementor-element elementor-element-723d47f elementor-widget elementor-widget-heading\" data-id=\"723d47f\" data-element_type=\"widget\" data-widget_type=\"heading.default\">\n\t\t\t\t<div class=\"elementor-widget-container\">\n\t\t\t\t\t<h2 class=\"elementor-heading-title elementor-size-default\">Cont\u00e1ctenos:<\/h2>\t\t\t\t<\/div>\n\t\t\t\t<\/div>\n\t\t\t\t<div class=\"elementor-element elementor-element-80313f6 elementor-widget elementor-widget-text-editor\" data-id=\"80313f6\" data-element_type=\"widget\" data-widget_type=\"text-editor.default\">\n\t\t\t\t<div class=\"elementor-widget-container\">\n\t\t\t\t\t\t\t\t\t<p>Si est\u00e1 buscando servicios de traducci\u00f3n fiables y precisos para sus informes financieros, Zemo Tradu\u00e7\u00f5es est\u00e1 aqu\u00ed para ayudarle. Cont\u00e1ctenos hoy mismo para obtener m\u00e1s informaci\u00f3n sobre c\u00f3mo podemos satisfacer sus necesidades de traducci\u00f3n financiera y ayudar a que su empresa prospere en un mercado global.<\/p>\t\t\t\t\t\t\t\t<\/div>\n\t\t\t\t<\/div>\n\t\t\t\t\t<\/div>\n\t\t\t\t<\/div>\n\t\t\t\t<\/div>\n\t\t\t\t<\/div>","protected":false},"excerpt":{"rendered":"<p>Tradu\u00e7\u00e3o de Demonstrativos de Resultado Econ\u00f4mico Na Zemo Tradu\u00e7\u00f5es, compreendemos a import\u00e2ncia de comunicar com precis\u00e3o e clareza os resultados [&hellip;]<\/p>\n","protected":false},"author":1,"featured_media":0,"parent":0,"menu_order":0,"comment_status":"closed","ping_status":"closed","template":"","meta":{"site-sidebar-layout":"no-sidebar","site-content-layout":"","ast-site-content-layout":"full-width-container","site-content-style":"default","site-sidebar-style":"default","ast-global-header-display":"","ast-banner-title-visibility":"","ast-main-header-display":"","ast-hfb-above-header-display":"","ast-hfb-below-header-display":"","ast-hfb-mobile-header-display":"","site-post-title":"disabled","ast-breadcrumbs-content":"","ast-featured-img":"disabled","footer-sml-layout":"","theme-transparent-header-meta":"","adv-header-id-meta":"","stick-header-meta":"","header-above-stick-meta":"","header-main-stick-meta":"","header-below-stick-meta":"","astra-migrate-meta-layouts":"default","ast-page-background-enabled":"default","ast-page-background-meta":{"desktop":{"background-color":"var(--ast-global-color-4)","background-image":"","background-repeat":"repeat","background-position":"center center","background-size":"auto","background-attachment":"scroll","background-type":"","background-media":"","overlay-type":"","overlay-color":"","overlay-opacity":"","overlay-gradient":""},"tablet":{"background-color":"","background-image":"","background-repeat":"repeat","background-position":"center center","background-size":"auto","background-attachment":"scroll","background-type":"","background-media":"","overlay-type":"","overlay-color":"","overlay-opacity":"","overlay-gradient":""},"mobile":{"background-color":"","background-image":"","background-repeat":"repeat","background-position":"center center","background-size":"auto","background-attachment":"scroll","background-type":"","background-media":"","overlay-type":"","overlay-color":"","overlay-opacity":"","overlay-gradient":""}},"ast-content-background-meta":{"desktop":{"background-color":"var(--ast-global-color-5)","background-image":"","background-repeat":"repeat","background-position":"center center","background-size":"auto","background-attachment":"scroll","background-type":"","background-media":"","overlay-type":"","overlay-color":"","overlay-opacity":"","overlay-gradient":""},"tablet":{"background-color":"var(--ast-global-color-5)","background-image":"","background-repeat":"repeat","background-position":"center center","background-size":"auto","background-attachment":"scroll","background-type":"","background-media":"","overlay-type":"","overlay-color":"","overlay-opacity":"","overlay-gradient":""},"mobile":{"background-color":"var(--ast-global-color-5)","background-image":"","background-repeat":"repeat","background-position":"center center","background-size":"auto","background-attachment":"scroll","background-type":"","background-media":"","overlay-type":"","overlay-color":"","overlay-opacity":"","overlay-gradient":""}},"footnotes":""},"class_list":["post-298","page","type-page","status-publish","hentry"],"yoast_head":"<!-- This site is optimized with the Yoast SEO plugin v27.3 - https:\/\/yoast.com\/product\/yoast-seo-wordpress\/ -->\n<title>Tradu\u00e7\u00e3o de Demonstrativos de Resultado Econ\u00f4mico - Zemo Tradu\u00e7\u00f5es<\/title>\n<meta name=\"description\" content=\"Nossos servi\u00e7os de tradu\u00e7\u00e3o de demonstrativos de resultado econ\u00f4mico s\u00e3o projetados para ajudar empresas a expandir globalmente, garantindo que seus relat\u00f3rios financeiros sejam compreendidos em diferentes idiomas e culturas.\" \/>\n<meta name=\"robots\" content=\"index, follow, max-snippet:-1, max-image-preview:large, max-video-preview:-1\" \/>\n<link rel=\"canonical\" href=\"https:\/\/zemo.com.br\/es\/traducao-de-demonstrativos-de-resultado-economico\/\" \/>\n<meta property=\"og:locale\" content=\"es_ES\" \/>\n<meta property=\"og:type\" content=\"article\" \/>\n<meta property=\"og:title\" content=\"Tradu\u00e7\u00e3o de Demonstrativos de Resultado Econ\u00f4mico - Zemo Tradu\u00e7\u00f5es\" \/>\n<meta property=\"og:description\" content=\"Nossos servi\u00e7os de tradu\u00e7\u00e3o de demonstrativos de resultado econ\u00f4mico s\u00e3o projetados para ajudar empresas a expandir globalmente, garantindo que seus relat\u00f3rios financeiros sejam compreendidos em diferentes idiomas e culturas.\" \/>\n<meta property=\"og:url\" content=\"https:\/\/zemo.com.br\/es\/traducao-de-demonstrativos-de-resultado-economico\/\" \/>\n<meta property=\"og:site_name\" content=\"Zemo Tradu\u00e7\u00f5es\" \/>\n<meta property=\"article:publisher\" content=\"https:\/\/www.facebook.com\/share\/cTvhJS1iCpy8EgLG\/?mibextid=qi2Omg\" \/>\n<meta property=\"article:modified_time\" content=\"2024-07-31T20:36:13+00:00\" \/>\n<meta property=\"og:image\" content=\"https:\/\/zemo.com.br\/wp-content\/uploads\/2024\/07\/logo-zemo-512.png\" \/>\n\t<meta property=\"og:image:width\" content=\"512\" \/>\n\t<meta property=\"og:image:height\" content=\"237\" \/>\n\t<meta property=\"og:image:type\" content=\"image\/png\" \/>\n<meta name=\"twitter:card\" content=\"summary_large_image\" \/>\n<meta name=\"twitter:label1\" content=\"Tiempo de lectura\" \/>\n\t<meta name=\"twitter:data1\" content=\"2 minutos\" \/>\n<script type=\"application\/ld+json\" class=\"yoast-schema-graph\">{\"@context\":\"https:\\\/\\\/schema.org\",\"@graph\":[{\"@type\":\"WebPage\",\"@id\":\"https:\\\/\\\/zemo.com.br\\\/traducao-de-demonstrativos-de-resultado-economico\\\/\",\"url\":\"https:\\\/\\\/zemo.com.br\\\/traducao-de-demonstrativos-de-resultado-economico\\\/\",\"name\":\"Tradu\u00e7\u00e3o de Demonstrativos de Resultado Econ\u00f4mico - Zemo Tradu\u00e7\u00f5es\",\"isPartOf\":{\"@id\":\"https:\\\/\\\/zemo.com.br\\\/#website\"},\"datePublished\":\"2024-07-25T04:14:03+00:00\",\"dateModified\":\"2024-07-31T20:36:13+00:00\",\"description\":\"Nossos servi\u00e7os de tradu\u00e7\u00e3o de demonstrativos de resultado econ\u00f4mico s\u00e3o projetados para ajudar empresas a expandir globalmente, garantindo que seus relat\u00f3rios financeiros sejam compreendidos em diferentes idiomas e culturas.\",\"breadcrumb\":{\"@id\":\"https:\\\/\\\/zemo.com.br\\\/traducao-de-demonstrativos-de-resultado-economico\\\/#breadcrumb\"},\"inLanguage\":\"es\",\"potentialAction\":[{\"@type\":\"ReadAction\",\"target\":[\"https:\\\/\\\/zemo.com.br\\\/traducao-de-demonstrativos-de-resultado-economico\\\/\"]}]},{\"@type\":\"BreadcrumbList\",\"@id\":\"https:\\\/\\\/zemo.com.br\\\/traducao-de-demonstrativos-de-resultado-economico\\\/#breadcrumb\",\"itemListElement\":[{\"@type\":\"ListItem\",\"position\":1,\"name\":\"In\u00edcio\",\"item\":\"https:\\\/\\\/zemo.com.br\\\/\"},{\"@type\":\"ListItem\",\"position\":2,\"name\":\"Tradu\u00e7\u00e3o de Demonstrativos de Resultado Econ\u00f4mico\"}]},{\"@type\":\"WebSite\",\"@id\":\"https:\\\/\\\/zemo.com.br\\\/#website\",\"url\":\"https:\\\/\\\/zemo.com.br\\\/\",\"name\":\"Zemo Tradu\u00e7\u00f5es\",\"description\":\"Fundada em 2003, Zemo j\u00e1 conquistou o mercado, devido ao servi\u00e7o r\u00e1pido e eficiente, realizando tradu\u00e7\u00f5es para empresas grandes e pequenas, sempre com o mesmo cuidado e uma minuciosa revis\u00e3o de texto, garantindo a precis\u00e3o nos m\u00ednimos detalhes.\",\"publisher\":{\"@id\":\"https:\\\/\\\/zemo.com.br\\\/#organization\"},\"potentialAction\":[{\"@type\":\"SearchAction\",\"target\":{\"@type\":\"EntryPoint\",\"urlTemplate\":\"https:\\\/\\\/zemo.com.br\\\/?s={search_term_string}\"},\"query-input\":{\"@type\":\"PropertyValueSpecification\",\"valueRequired\":true,\"valueName\":\"search_term_string\"}}],\"inLanguage\":\"es\"},{\"@type\":\"Organization\",\"@id\":\"https:\\\/\\\/zemo.com.br\\\/#organization\",\"name\":\"Zemo Tradu\u00e7\u00f5es\",\"url\":\"https:\\\/\\\/zemo.com.br\\\/\",\"logo\":{\"@type\":\"ImageObject\",\"inLanguage\":\"es\",\"@id\":\"https:\\\/\\\/zemo.com.br\\\/#\\\/schema\\\/logo\\\/image\\\/\",\"url\":\"https:\\\/\\\/zemo.com.br\\\/wp-content\\\/uploads\\\/2024\\\/07\\\/logo-zemo-512.png\",\"contentUrl\":\"https:\\\/\\\/zemo.com.br\\\/wp-content\\\/uploads\\\/2024\\\/07\\\/logo-zemo-512.png\",\"width\":512,\"height\":237,\"caption\":\"Zemo Tradu\u00e7\u00f5es\"},\"image\":{\"@id\":\"https:\\\/\\\/zemo.com.br\\\/#\\\/schema\\\/logo\\\/image\\\/\"},\"sameAs\":[\"https:\\\/\\\/www.facebook.com\\\/share\\\/cTvhJS1iCpy8EgLG\\\/?mibextid=qi2Omg\",\"https:\\\/\\\/www.instagram.com\\\/zemotraducoes\"]}]}<\/script>\n<!-- \/ Yoast SEO plugin. -->","yoast_head_json":{"title":"Tradu\u00e7\u00e3o de Demonstrativos de Resultado Econ\u00f4mico - Zemo Tradu\u00e7\u00f5es","description":"Nossos servi\u00e7os de tradu\u00e7\u00e3o de demonstrativos de resultado econ\u00f4mico s\u00e3o projetados para ajudar empresas a expandir globalmente, garantindo que seus relat\u00f3rios financeiros sejam compreendidos em diferentes idiomas e culturas.","robots":{"index":"index","follow":"follow","max-snippet":"max-snippet:-1","max-image-preview":"max-image-preview:large","max-video-preview":"max-video-preview:-1"},"canonical":"https:\/\/zemo.com.br\/es\/traducao-de-demonstrativos-de-resultado-economico\/","og_locale":"es_ES","og_type":"article","og_title":"Tradu\u00e7\u00e3o de Demonstrativos de Resultado Econ\u00f4mico - Zemo Tradu\u00e7\u00f5es","og_description":"Nossos servi\u00e7os de tradu\u00e7\u00e3o de demonstrativos de resultado econ\u00f4mico s\u00e3o projetados para ajudar empresas a expandir globalmente, garantindo que seus relat\u00f3rios financeiros sejam compreendidos em diferentes idiomas e culturas.","og_url":"https:\/\/zemo.com.br\/es\/traducao-de-demonstrativos-de-resultado-economico\/","og_site_name":"Zemo Tradu\u00e7\u00f5es","article_publisher":"https:\/\/www.facebook.com\/share\/cTvhJS1iCpy8EgLG\/?mibextid=qi2Omg","article_modified_time":"2024-07-31T20:36:13+00:00","og_image":[{"width":512,"height":237,"url":"https:\/\/zemo.com.br\/wp-content\/uploads\/2024\/07\/logo-zemo-512.png","type":"image\/png"}],"twitter_card":"summary_large_image","twitter_misc":{"Tiempo de lectura":"2 minutos"},"schema":{"@context":"https:\/\/schema.org","@graph":[{"@type":"WebPage","@id":"https:\/\/zemo.com.br\/traducao-de-demonstrativos-de-resultado-economico\/","url":"https:\/\/zemo.com.br\/traducao-de-demonstrativos-de-resultado-economico\/","name":"Tradu\u00e7\u00e3o de Demonstrativos de Resultado Econ\u00f4mico - Zemo Tradu\u00e7\u00f5es","isPartOf":{"@id":"https:\/\/zemo.com.br\/#website"},"datePublished":"2024-07-25T04:14:03+00:00","dateModified":"2024-07-31T20:36:13+00:00","description":"Nossos servi\u00e7os de tradu\u00e7\u00e3o de demonstrativos de resultado econ\u00f4mico s\u00e3o projetados para ajudar empresas a expandir globalmente, garantindo que seus relat\u00f3rios financeiros sejam compreendidos em diferentes idiomas e culturas.","breadcrumb":{"@id":"https:\/\/zemo.com.br\/traducao-de-demonstrativos-de-resultado-economico\/#breadcrumb"},"inLanguage":"es","potentialAction":[{"@type":"ReadAction","target":["https:\/\/zemo.com.br\/traducao-de-demonstrativos-de-resultado-economico\/"]}]},{"@type":"BreadcrumbList","@id":"https:\/\/zemo.com.br\/traducao-de-demonstrativos-de-resultado-economico\/#breadcrumb","itemListElement":[{"@type":"ListItem","position":1,"name":"In\u00edcio","item":"https:\/\/zemo.com.br\/"},{"@type":"ListItem","position":2,"name":"Tradu\u00e7\u00e3o de Demonstrativos de Resultado Econ\u00f4mico"}]},{"@type":"WebSite","@id":"https:\/\/zemo.com.br\/#website","url":"https:\/\/zemo.com.br\/","name":"Zemo Tradu\u00e7\u00f5es","description":"Fundada en 2003, Zemo ya conquist\u00f3 el mercado, ofreciendo servicio r\u00e1pido y eficiente, realizando traducciones para empresas grandes y peque\u00f1as, siempre con el mismo cuidado y una minuciosa revisi\u00f3n del texto, garantizando la precisi\u00f3n en los m\u00ednimos detalles.","publisher":{"@id":"https:\/\/zemo.com.br\/#organization"},"potentialAction":[{"@type":"SearchAction","target":{"@type":"EntryPoint","urlTemplate":"https:\/\/zemo.com.br\/?s={search_term_string}"},"query-input":{"@type":"PropertyValueSpecification","valueRequired":true,"valueName":"search_term_string"}}],"inLanguage":"es"},{"@type":"Organization","@id":"https:\/\/zemo.com.br\/#organization","name":"Zemo Tradu\u00e7\u00f5es","url":"https:\/\/zemo.com.br\/","logo":{"@type":"ImageObject","inLanguage":"es","@id":"https:\/\/zemo.com.br\/#\/schema\/logo\/image\/","url":"https:\/\/zemo.com.br\/wp-content\/uploads\/2024\/07\/logo-zemo-512.png","contentUrl":"https:\/\/zemo.com.br\/wp-content\/uploads\/2024\/07\/logo-zemo-512.png","width":512,"height":237,"caption":"Zemo Tradu\u00e7\u00f5es"},"image":{"@id":"https:\/\/zemo.com.br\/#\/schema\/logo\/image\/"},"sameAs":["https:\/\/www.facebook.com\/share\/cTvhJS1iCpy8EgLG\/?mibextid=qi2Omg","https:\/\/www.instagram.com\/zemotraducoes"]}]}},"_links":{"self":[{"href":"https:\/\/zemo.com.br\/es\/wp-json\/wp\/v2\/pages\/298","targetHints":{"allow":["GET"]}}],"collection":[{"href":"https:\/\/zemo.com.br\/es\/wp-json\/wp\/v2\/pages"}],"about":[{"href":"https:\/\/zemo.com.br\/es\/wp-json\/wp\/v2\/types\/page"}],"author":[{"embeddable":true,"href":"https:\/\/zemo.com.br\/es\/wp-json\/wp\/v2\/users\/1"}],"replies":[{"embeddable":true,"href":"https:\/\/zemo.com.br\/es\/wp-json\/wp\/v2\/comments?post=298"}],"version-history":[{"count":0,"href":"https:\/\/zemo.com.br\/es\/wp-json\/wp\/v2\/pages\/298\/revisions"}],"wp:attachment":[{"href":"https:\/\/zemo.com.br\/es\/wp-json\/wp\/v2\/media?parent=298"}],"curies":[{"name":"wp","href":"https:\/\/api.w.org\/{rel}","templated":true}]}}