{"id":290,"date":"2024-07-25T01:02:21","date_gmt":"2024-07-25T04:02:21","guid":{"rendered":"https:\/\/zemo.com.br\/dev\/?page_id=290"},"modified":"2024-07-31T17:34:41","modified_gmt":"2024-07-31T20:34:41","slug":"por-que-escolher-a-zemo-traducoes-para-a-traducao-de-contratos","status":"publish","type":"page","link":"https:\/\/zemo.com.br\/es\/por-que-escolher-a-zemo-traducoes-para-a-traducao-de-contratos\/","title":{"rendered":"\u00bfPor qu\u00e9 Elegir Zemo Tradu\u00e7\u00f5es para la Traducci\u00f3n de Contratos?"},"content":{"rendered":"<div data-elementor-type=\"wp-page\" data-elementor-id=\"290\" class=\"elementor elementor-290\" data-elementor-post-type=\"page\">\n\t\t\t\t<div class=\"elementor-element elementor-element-513b9aa e-con-full e-flex e-con e-parent\" data-id=\"513b9aa\" data-element_type=\"container\" data-settings=\"{&quot;background_background&quot;:&quot;classic&quot;}\">\n\t\t<div class=\"elementor-element elementor-element-72ba634 e-flex e-con-boxed e-con e-child\" data-id=\"72ba634\" data-element_type=\"container\">\n\t\t\t\t\t<div class=\"e-con-inner\">\n\t\t\t\t<div class=\"elementor-element elementor-element-ad901ad elementor-widget elementor-widget-heading\" data-id=\"ad901ad\" data-element_type=\"widget\" data-widget_type=\"heading.default\">\n\t\t\t\t<div class=\"elementor-widget-container\">\n\t\t\t\t\t<h1 class=\"elementor-heading-title elementor-size-default\">\u00bfPor qu\u00e9 Elegir Zemo Tradu\u00e7\u00f5es para la Traducci\u00f3n de Contratos?<\/h1>\t\t\t\t<\/div>\n\t\t\t\t<\/div>\n\t\t\t\t<div class=\"elementor-element elementor-element-26a1a63 elementor-widget elementor-widget-text-editor\" data-id=\"26a1a63\" data-element_type=\"widget\" data-widget_type=\"text-editor.default\">\n\t\t\t\t<div class=\"elementor-widget-container\">\n\t\t\t\t\t\t\t\t\t<p>En Zemo Tradu\u00e7\u00f5es, comprendemos la importancia cr\u00edtica de la precisi\u00f3n y claridad en la traducci\u00f3n de contratos. Nuestros servicios est\u00e1n dise\u00f1ados para satisfacer las necesidades espec\u00edficas de nuestros clientes, ofreciendo traducciones confiables y precisas que garantizan una comunicaci\u00f3n eficaz en un contexto legal y empresarial.<\/p>\t\t\t\t\t\t\t\t<\/div>\n\t\t\t\t<\/div>\n\t\t\t\t<div class=\"elementor-element elementor-element-6a0d6d5 elementor-widget elementor-widget-heading\" data-id=\"6a0d6d5\" data-element_type=\"widget\" data-widget_type=\"heading.default\">\n\t\t\t\t<div class=\"elementor-widget-container\">\n\t\t\t\t\t<h2 class=\"elementor-heading-title elementor-size-default\">Conocimientos y experiencia:<\/h2>\t\t\t\t<\/div>\n\t\t\t\t<\/div>\n\t\t\t\t<div class=\"elementor-element elementor-element-06b5763 elementor-widget elementor-widget-text-editor\" data-id=\"06b5763\" data-element_type=\"widget\" data-widget_type=\"text-editor.default\">\n\t\t\t\t<div class=\"elementor-widget-container\">\n\t\t\t\t\t\t\t\t\t<p>Nuestro equipo est\u00e1 formado por traductores altamente cualificados, con formaci\u00f3n jur\u00eddica y amplia experiencia en la traducci\u00f3n de contratos, en una variedad de sectores e idiomas. Combinando conocimientos ling\u00fc\u00edsticos y legales, garantizamos que cada detalle de su contrato se traduzca de forma precisa y fiel al original.<\/p>\t\t\t\t\t\t\t\t<\/div>\n\t\t\t\t<\/div>\n\t\t\t\t<div class=\"elementor-element elementor-element-543a001 elementor-widget elementor-widget-heading\" data-id=\"543a001\" data-element_type=\"widget\" data-widget_type=\"heading.default\">\n\t\t\t\t<div class=\"elementor-widget-container\">\n\t\t\t\t\t<h2 class=\"elementor-heading-title elementor-size-default\">Confidencialidad y seguridad:<\/h2>\t\t\t\t<\/div>\n\t\t\t\t<\/div>\n\t\t\t\t<div class=\"elementor-element elementor-element-1b8b7ad elementor-widget elementor-widget-text-editor\" data-id=\"1b8b7ad\" data-element_type=\"widget\" data-widget_type=\"text-editor.default\">\n\t\t\t\t<div class=\"elementor-widget-container\">\n\t\t\t\t\t\t\t\t\t<p>En Zemo Tradu\u00e7\u00f5es, valoramos la confianza que nuestros clientes depositan en nosotros. Garantizamos total confidencialidad y seguridad de sus contratos y documentos, siguiendo estrictos est\u00e1ndares \u00e9ticos y de seguridad en todas las etapas del proceso de traducci\u00f3n.<\/p>\t\t\t\t\t\t\t\t<\/div>\n\t\t\t\t<\/div>\n\t\t\t\t<div class=\"elementor-element elementor-element-723d47f elementor-widget elementor-widget-heading\" data-id=\"723d47f\" data-element_type=\"widget\" data-widget_type=\"heading.default\">\n\t\t\t\t<div class=\"elementor-widget-container\">\n\t\t\t\t\t<h2 class=\"elementor-heading-title elementor-size-default\">Compromiso con la calidad:<\/h2>\t\t\t\t<\/div>\n\t\t\t\t<\/div>\n\t\t\t\t<div class=\"elementor-element elementor-element-80313f6 elementor-widget elementor-widget-text-editor\" data-id=\"80313f6\" data-element_type=\"widget\" data-widget_type=\"text-editor.default\">\n\t\t\t\t<div class=\"elementor-widget-container\">\n\t\t\t\t\t\t\t\t\t<p>Nuestro compromiso con la calidad es inquebrantable. Cada traducci\u00f3n de contrato pasa por un riguroso proceso de revisi\u00f3n y control de calidad, para garantizar la precisi\u00f3n y coherencia, en t\u00e9rminos de terminolog\u00eda y estilo. Nuestro objetivo es proporcionar una traducci\u00f3n que mantenga la intenci\u00f3n y el significado del contrato original.<\/p>\t\t\t\t\t\t\t\t<\/div>\n\t\t\t\t<\/div>\n\t\t\t\t<div class=\"elementor-element elementor-element-4c69207 elementor-widget elementor-widget-heading\" data-id=\"4c69207\" data-element_type=\"widget\" data-widget_type=\"heading.default\">\n\t\t\t\t<div class=\"elementor-widget-container\">\n\t\t\t\t\t<h2 class=\"elementor-heading-title elementor-size-default\">Plazos cumplidos:<\/h2>\t\t\t\t<\/div>\n\t\t\t\t<\/div>\n\t\t\t\t<div class=\"elementor-element elementor-element-4684634 elementor-widget elementor-widget-text-editor\" data-id=\"4684634\" data-element_type=\"widget\" data-widget_type=\"text-editor.default\">\n\t\t\t\t<div class=\"elementor-widget-container\">\n\t\t\t\t\t\t\t\t\t<p>Entendemos la importancia de los plazos y los compromisos. Trabajamos de manera eficiente y organizada para entregar las traducciones de su contracto dentro del plazo acordado, sin comprometer la calidad del trabajo.<\/p>\t\t\t\t\t\t\t\t<\/div>\n\t\t\t\t<\/div>\n\t\t\t\t<div class=\"elementor-element elementor-element-d36c91a elementor-widget elementor-widget-heading\" data-id=\"d36c91a\" data-element_type=\"widget\" data-widget_type=\"heading.default\">\n\t\t\t\t<div class=\"elementor-widget-container\">\n\t\t\t\t\t<h2 class=\"elementor-heading-title elementor-size-default\">Servicio personalizado:<\/h2>\t\t\t\t<\/div>\n\t\t\t\t<\/div>\n\t\t\t\t<div class=\"elementor-element elementor-element-bbeffa7 elementor-widget elementor-widget-text-editor\" data-id=\"bbeffa7\" data-element_type=\"widget\" data-widget_type=\"text-editor.default\">\n\t\t\t\t<div class=\"elementor-widget-container\">\n\t\t\t\t\t\t\t\t\t<p>En Zemo Tradu\u00e7\u00f5es, cada cliente es tratado de una manera \u00fanica. Ofrecemos un servicio personalizado, trabajando en estrecha colaboraci\u00f3n con usted para comprender sus necesidades espec\u00edficas y garantizar que se cumplan y superen sus expectativas.<\/p>\t\t\t\t\t\t\t\t<\/div>\n\t\t\t\t<\/div>\n\t\t\t\t<div class=\"elementor-element elementor-element-2ef2aee elementor-widget elementor-widget-heading\" data-id=\"2ef2aee\" data-element_type=\"widget\" data-widget_type=\"heading.default\">\n\t\t\t\t<div class=\"elementor-widget-container\">\n\t\t\t\t\t<h2 class=\"elementor-heading-title elementor-size-default\">Satisfacci\u00f3n del cliente:<\/h2>\t\t\t\t<\/div>\n\t\t\t\t<\/div>\n\t\t\t\t<div class=\"elementor-element elementor-element-9df93c0 elementor-widget elementor-widget-text-editor\" data-id=\"9df93c0\" data-element_type=\"widget\" data-widget_type=\"text-editor.default\">\n\t\t\t\t<div class=\"elementor-widget-container\">\n\t\t\t\t\t\t\t\t\t<p>La satisfacci\u00f3n del cliente es nuestra m\u00e1xima prioridad. Nos enorgullecemos de construir relaciones a largo plazo con nuestros clientes, al brindar un servicio excepcional que satisface sus necesidades de traducci\u00f3n de contrato, de manera consistente y confiable.<\/p><p>Si est\u00e1 buscando una traducci\u00f3n de contratos fiable, precisa y profesional, elija Zemo Tradu\u00e7\u00f5es. Cont\u00e1ctenos hoy mismo para obtener m\u00e1s informaci\u00f3n sobre nuestros servicios y sobre c\u00f3mo podemos ayudarle con sus necesidades de traducci\u00f3n de contratos.<\/p>\t\t\t\t\t\t\t\t<\/div>\n\t\t\t\t<\/div>\n\t\t\t\t\t<\/div>\n\t\t\t\t<\/div>\n\t\t\t\t<\/div>\n\t\t\t\t<\/div>","protected":false},"excerpt":{"rendered":"<p>Por que Escolher a Zemo Tradu\u00e7\u00f5es para a Tradu\u00e7\u00e3o de Contratos? Na Zemo Tradu\u00e7\u00f5es, compreendemos a import\u00e2ncia cr\u00edtica da precis\u00e3o [&hellip;]<\/p>\n","protected":false},"author":1,"featured_media":0,"parent":0,"menu_order":0,"comment_status":"closed","ping_status":"closed","template":"","meta":{"site-sidebar-layout":"no-sidebar","site-content-layout":"","ast-site-content-layout":"full-width-container","site-content-style":"default","site-sidebar-style":"default","ast-global-header-display":"","ast-banner-title-visibility":"","ast-main-header-display":"","ast-hfb-above-header-display":"","ast-hfb-below-header-display":"","ast-hfb-mobile-header-display":"","site-post-title":"disabled","ast-breadcrumbs-content":"","ast-featured-img":"disabled","footer-sml-layout":"","theme-transparent-header-meta":"","adv-header-id-meta":"","stick-header-meta":"","header-above-stick-meta":"","header-main-stick-meta":"","header-below-stick-meta":"","astra-migrate-meta-layouts":"default","ast-page-background-enabled":"default","ast-page-background-meta":{"desktop":{"background-color":"var(--ast-global-color-4)","background-image":"","background-repeat":"repeat","background-position":"center center","background-size":"auto","background-attachment":"scroll","background-type":"","background-media":"","overlay-type":"","overlay-color":"","overlay-opacity":"","overlay-gradient":""},"tablet":{"background-color":"","background-image":"","background-repeat":"repeat","background-position":"center center","background-size":"auto","background-attachment":"scroll","background-type":"","background-media":"","overlay-type":"","overlay-color":"","overlay-opacity":"","overlay-gradient":""},"mobile":{"background-color":"","background-image":"","background-repeat":"repeat","background-position":"center center","background-size":"auto","background-attachment":"scroll","background-type":"","background-media":"","overlay-type":"","overlay-color":"","overlay-opacity":"","overlay-gradient":""}},"ast-content-background-meta":{"desktop":{"background-color":"var(--ast-global-color-5)","background-image":"","background-repeat":"repeat","background-position":"center center","background-size":"auto","background-attachment":"scroll","background-type":"","background-media":"","overlay-type":"","overlay-color":"","overlay-opacity":"","overlay-gradient":""},"tablet":{"background-color":"var(--ast-global-color-5)","background-image":"","background-repeat":"repeat","background-position":"center center","background-size":"auto","background-attachment":"scroll","background-type":"","background-media":"","overlay-type":"","overlay-color":"","overlay-opacity":"","overlay-gradient":""},"mobile":{"background-color":"var(--ast-global-color-5)","background-image":"","background-repeat":"repeat","background-position":"center center","background-size":"auto","background-attachment":"scroll","background-type":"","background-media":"","overlay-type":"","overlay-color":"","overlay-opacity":"","overlay-gradient":""}},"footnotes":""},"class_list":["post-290","page","type-page","status-publish","hentry"],"yoast_head":"<!-- This site is optimized with the Yoast SEO plugin v27.4 - https:\/\/yoast.com\/product\/yoast-seo-wordpress\/ -->\n<title>Por que Escolher a Zemo Tradu\u00e7\u00f5es para a Tradu\u00e7\u00e3o de Contratos? - Zemo Tradu\u00e7\u00f5es<\/title>\n<meta name=\"description\" content=\"Na Zemo Tradu\u00e7\u00f5es, compreendemos a import\u00e2ncia cr\u00edtica da precis\u00e3o e clareza na tradu\u00e7\u00e3o de contratos. Nossos servi\u00e7os s\u00e3o projetados para atender \u00e0s necessidades espec\u00edficas dos nossos clientes, oferecendo tradu\u00e7\u00f5es confi\u00e1veis e precisas que garantem uma comunica\u00e7\u00e3o eficaz em um contexto legal e comercial.\" \/>\n<meta name=\"robots\" content=\"index, follow, max-snippet:-1, max-image-preview:large, max-video-preview:-1\" \/>\n<link rel=\"canonical\" href=\"https:\/\/zemo.com.br\/es\/por-que-escolher-a-zemo-traducoes-para-a-traducao-de-contratos\/\" \/>\n<meta property=\"og:locale\" content=\"es_ES\" \/>\n<meta property=\"og:type\" content=\"article\" \/>\n<meta property=\"og:title\" content=\"Por que Escolher a Zemo Tradu\u00e7\u00f5es para a Tradu\u00e7\u00e3o de Contratos? - Zemo Tradu\u00e7\u00f5es\" \/>\n<meta property=\"og:description\" content=\"Na Zemo Tradu\u00e7\u00f5es, compreendemos a import\u00e2ncia cr\u00edtica da precis\u00e3o e clareza na tradu\u00e7\u00e3o de contratos. Nossos servi\u00e7os s\u00e3o projetados para atender \u00e0s necessidades espec\u00edficas dos nossos clientes, oferecendo tradu\u00e7\u00f5es confi\u00e1veis e precisas que garantem uma comunica\u00e7\u00e3o eficaz em um contexto legal e comercial.\" \/>\n<meta property=\"og:url\" content=\"https:\/\/zemo.com.br\/es\/por-que-escolher-a-zemo-traducoes-para-a-traducao-de-contratos\/\" \/>\n<meta property=\"og:site_name\" content=\"Zemo Tradu\u00e7\u00f5es\" \/>\n<meta property=\"article:publisher\" content=\"https:\/\/www.facebook.com\/share\/cTvhJS1iCpy8EgLG\/?mibextid=qi2Omg\" \/>\n<meta property=\"article:modified_time\" content=\"2024-07-31T20:34:41+00:00\" \/>\n<meta property=\"og:image\" content=\"https:\/\/zemo.com.br\/wp-content\/uploads\/2024\/07\/logo-zemo-512.png\" \/>\n\t<meta property=\"og:image:width\" content=\"512\" \/>\n\t<meta property=\"og:image:height\" content=\"237\" \/>\n\t<meta property=\"og:image:type\" content=\"image\/png\" \/>\n<meta name=\"twitter:card\" content=\"summary_large_image\" \/>\n<meta name=\"twitter:label1\" content=\"Tiempo de lectura\" \/>\n\t<meta name=\"twitter:data1\" content=\"2 minutos\" \/>\n<script type=\"application\/ld+json\" class=\"yoast-schema-graph\">{\"@context\":\"https:\\\/\\\/schema.org\",\"@graph\":[{\"@type\":\"WebPage\",\"@id\":\"https:\\\/\\\/zemo.com.br\\\/por-que-escolher-a-zemo-traducoes-para-a-traducao-de-contratos\\\/\",\"url\":\"https:\\\/\\\/zemo.com.br\\\/por-que-escolher-a-zemo-traducoes-para-a-traducao-de-contratos\\\/\",\"name\":\"Por que Escolher a Zemo Tradu\u00e7\u00f5es para a Tradu\u00e7\u00e3o de Contratos? - Zemo Tradu\u00e7\u00f5es\",\"isPartOf\":{\"@id\":\"https:\\\/\\\/zemo.com.br\\\/#website\"},\"datePublished\":\"2024-07-25T04:02:21+00:00\",\"dateModified\":\"2024-07-31T20:34:41+00:00\",\"description\":\"Na Zemo Tradu\u00e7\u00f5es, compreendemos a import\u00e2ncia cr\u00edtica da precis\u00e3o e clareza na tradu\u00e7\u00e3o de contratos. Nossos servi\u00e7os s\u00e3o projetados para atender \u00e0s necessidades espec\u00edficas dos nossos clientes, oferecendo tradu\u00e7\u00f5es confi\u00e1veis e precisas que garantem uma comunica\u00e7\u00e3o eficaz em um contexto legal e comercial.\",\"breadcrumb\":{\"@id\":\"https:\\\/\\\/zemo.com.br\\\/por-que-escolher-a-zemo-traducoes-para-a-traducao-de-contratos\\\/#breadcrumb\"},\"inLanguage\":\"es\",\"potentialAction\":[{\"@type\":\"ReadAction\",\"target\":[\"https:\\\/\\\/zemo.com.br\\\/por-que-escolher-a-zemo-traducoes-para-a-traducao-de-contratos\\\/\"]}]},{\"@type\":\"BreadcrumbList\",\"@id\":\"https:\\\/\\\/zemo.com.br\\\/por-que-escolher-a-zemo-traducoes-para-a-traducao-de-contratos\\\/#breadcrumb\",\"itemListElement\":[{\"@type\":\"ListItem\",\"position\":1,\"name\":\"In\u00edcio\",\"item\":\"https:\\\/\\\/zemo.com.br\\\/\"},{\"@type\":\"ListItem\",\"position\":2,\"name\":\"Por que Escolher a Zemo Tradu\u00e7\u00f5es para a Tradu\u00e7\u00e3o de Contratos?\"}]},{\"@type\":\"WebSite\",\"@id\":\"https:\\\/\\\/zemo.com.br\\\/#website\",\"url\":\"https:\\\/\\\/zemo.com.br\\\/\",\"name\":\"Zemo Tradu\u00e7\u00f5es\",\"description\":\"Fundada em 2003, Zemo j\u00e1 conquistou o mercado, devido ao servi\u00e7o r\u00e1pido e eficiente, realizando tradu\u00e7\u00f5es para empresas grandes e pequenas, sempre com o mesmo cuidado e uma minuciosa revis\u00e3o de texto, garantindo a precis\u00e3o nos m\u00ednimos detalhes.\",\"publisher\":{\"@id\":\"https:\\\/\\\/zemo.com.br\\\/#organization\"},\"potentialAction\":[{\"@type\":\"SearchAction\",\"target\":{\"@type\":\"EntryPoint\",\"urlTemplate\":\"https:\\\/\\\/zemo.com.br\\\/?s={search_term_string}\"},\"query-input\":{\"@type\":\"PropertyValueSpecification\",\"valueRequired\":true,\"valueName\":\"search_term_string\"}}],\"inLanguage\":\"es\"},{\"@type\":\"Organization\",\"@id\":\"https:\\\/\\\/zemo.com.br\\\/#organization\",\"name\":\"Zemo Tradu\u00e7\u00f5es\",\"url\":\"https:\\\/\\\/zemo.com.br\\\/\",\"logo\":{\"@type\":\"ImageObject\",\"inLanguage\":\"es\",\"@id\":\"https:\\\/\\\/zemo.com.br\\\/#\\\/schema\\\/logo\\\/image\\\/\",\"url\":\"https:\\\/\\\/zemo.com.br\\\/wp-content\\\/uploads\\\/2024\\\/07\\\/logo-zemo-512.png\",\"contentUrl\":\"https:\\\/\\\/zemo.com.br\\\/wp-content\\\/uploads\\\/2024\\\/07\\\/logo-zemo-512.png\",\"width\":512,\"height\":237,\"caption\":\"Zemo Tradu\u00e7\u00f5es\"},\"image\":{\"@id\":\"https:\\\/\\\/zemo.com.br\\\/#\\\/schema\\\/logo\\\/image\\\/\"},\"sameAs\":[\"https:\\\/\\\/www.facebook.com\\\/share\\\/cTvhJS1iCpy8EgLG\\\/?mibextid=qi2Omg\",\"https:\\\/\\\/www.instagram.com\\\/zemotraducoes\"]}]}<\/script>\n<!-- \/ Yoast SEO plugin. -->","yoast_head_json":{"title":"Por que Escolher a Zemo Tradu\u00e7\u00f5es para a Tradu\u00e7\u00e3o de Contratos? - Zemo Tradu\u00e7\u00f5es","description":"En Zemo Tradu\u00e7\u00f5es, comprendemos la importancia cr\u00edtica de la precisi\u00f3n y claridad en la traducci\u00f3n de contratos. Nuestros servicios est\u00e1n dise\u00f1ados para satisfacer las necesidades espec\u00edficas de nuestros clientes, ofreciendo traducciones confiables y precisas que garantizan una comunicaci\u00f3n eficaz en un contexto legal y empresarial.","robots":{"index":"index","follow":"follow","max-snippet":"max-snippet:-1","max-image-preview":"max-image-preview:large","max-video-preview":"max-video-preview:-1"},"canonical":"https:\/\/zemo.com.br\/es\/por-que-escolher-a-zemo-traducoes-para-a-traducao-de-contratos\/","og_locale":"es_ES","og_type":"article","og_title":"Por que Escolher a Zemo Tradu\u00e7\u00f5es para a Tradu\u00e7\u00e3o de Contratos? - Zemo Tradu\u00e7\u00f5es","og_description":"Na Zemo Tradu\u00e7\u00f5es, compreendemos a import\u00e2ncia cr\u00edtica da precis\u00e3o e clareza na tradu\u00e7\u00e3o de contratos. Nossos servi\u00e7os s\u00e3o projetados para atender \u00e0s necessidades espec\u00edficas dos nossos clientes, oferecendo tradu\u00e7\u00f5es confi\u00e1veis e precisas que garantem uma comunica\u00e7\u00e3o eficaz em um contexto legal e comercial.","og_url":"https:\/\/zemo.com.br\/es\/por-que-escolher-a-zemo-traducoes-para-a-traducao-de-contratos\/","og_site_name":"Zemo Tradu\u00e7\u00f5es","article_publisher":"https:\/\/www.facebook.com\/share\/cTvhJS1iCpy8EgLG\/?mibextid=qi2Omg","article_modified_time":"2024-07-31T20:34:41+00:00","og_image":[{"width":512,"height":237,"url":"https:\/\/zemo.com.br\/wp-content\/uploads\/2024\/07\/logo-zemo-512.png","type":"image\/png"}],"twitter_card":"summary_large_image","twitter_misc":{"Tiempo de lectura":"2 minutos"},"schema":{"@context":"https:\/\/schema.org","@graph":[{"@type":"WebPage","@id":"https:\/\/zemo.com.br\/por-que-escolher-a-zemo-traducoes-para-a-traducao-de-contratos\/","url":"https:\/\/zemo.com.br\/por-que-escolher-a-zemo-traducoes-para-a-traducao-de-contratos\/","name":"Por que Escolher a Zemo Tradu\u00e7\u00f5es para a Tradu\u00e7\u00e3o de Contratos? - Zemo Tradu\u00e7\u00f5es","isPartOf":{"@id":"https:\/\/zemo.com.br\/#website"},"datePublished":"2024-07-25T04:02:21+00:00","dateModified":"2024-07-31T20:34:41+00:00","description":"En Zemo Tradu\u00e7\u00f5es, comprendemos la importancia cr\u00edtica de la precisi\u00f3n y claridad en la traducci\u00f3n de contratos. Nuestros servicios est\u00e1n dise\u00f1ados para satisfacer las necesidades espec\u00edficas de nuestros clientes, ofreciendo traducciones confiables y precisas que garantizan una comunicaci\u00f3n eficaz en un contexto legal y empresarial.","breadcrumb":{"@id":"https:\/\/zemo.com.br\/por-que-escolher-a-zemo-traducoes-para-a-traducao-de-contratos\/#breadcrumb"},"inLanguage":"es","potentialAction":[{"@type":"ReadAction","target":["https:\/\/zemo.com.br\/por-que-escolher-a-zemo-traducoes-para-a-traducao-de-contratos\/"]}]},{"@type":"BreadcrumbList","@id":"https:\/\/zemo.com.br\/por-que-escolher-a-zemo-traducoes-para-a-traducao-de-contratos\/#breadcrumb","itemListElement":[{"@type":"ListItem","position":1,"name":"In\u00edcio","item":"https:\/\/zemo.com.br\/"},{"@type":"ListItem","position":2,"name":"Por que Escolher a Zemo Tradu\u00e7\u00f5es para a Tradu\u00e7\u00e3o de Contratos?"}]},{"@type":"WebSite","@id":"https:\/\/zemo.com.br\/#website","url":"https:\/\/zemo.com.br\/","name":"Zemo Tradu\u00e7\u00f5es","description":"Fundada en 2003, Zemo ya conquist\u00f3 el mercado, ofreciendo servicio r\u00e1pido y eficiente, realizando traducciones para empresas grandes y peque\u00f1as, siempre con el mismo cuidado y una minuciosa revisi\u00f3n del texto, garantizando la precisi\u00f3n en los m\u00ednimos detalles.","publisher":{"@id":"https:\/\/zemo.com.br\/#organization"},"potentialAction":[{"@type":"SearchAction","target":{"@type":"EntryPoint","urlTemplate":"https:\/\/zemo.com.br\/?s={search_term_string}"},"query-input":{"@type":"PropertyValueSpecification","valueRequired":true,"valueName":"search_term_string"}}],"inLanguage":"es"},{"@type":"Organization","@id":"https:\/\/zemo.com.br\/#organization","name":"Zemo Tradu\u00e7\u00f5es","url":"https:\/\/zemo.com.br\/","logo":{"@type":"ImageObject","inLanguage":"es","@id":"https:\/\/zemo.com.br\/#\/schema\/logo\/image\/","url":"https:\/\/zemo.com.br\/wp-content\/uploads\/2024\/07\/logo-zemo-512.png","contentUrl":"https:\/\/zemo.com.br\/wp-content\/uploads\/2024\/07\/logo-zemo-512.png","width":512,"height":237,"caption":"Zemo Tradu\u00e7\u00f5es"},"image":{"@id":"https:\/\/zemo.com.br\/#\/schema\/logo\/image\/"},"sameAs":["https:\/\/www.facebook.com\/share\/cTvhJS1iCpy8EgLG\/?mibextid=qi2Omg","https:\/\/www.instagram.com\/zemotraducoes"]}]}},"_links":{"self":[{"href":"https:\/\/zemo.com.br\/es\/wp-json\/wp\/v2\/pages\/290","targetHints":{"allow":["GET"]}}],"collection":[{"href":"https:\/\/zemo.com.br\/es\/wp-json\/wp\/v2\/pages"}],"about":[{"href":"https:\/\/zemo.com.br\/es\/wp-json\/wp\/v2\/types\/page"}],"author":[{"embeddable":true,"href":"https:\/\/zemo.com.br\/es\/wp-json\/wp\/v2\/users\/1"}],"replies":[{"embeddable":true,"href":"https:\/\/zemo.com.br\/es\/wp-json\/wp\/v2\/comments?post=290"}],"version-history":[{"count":0,"href":"https:\/\/zemo.com.br\/es\/wp-json\/wp\/v2\/pages\/290\/revisions"}],"wp:attachment":[{"href":"https:\/\/zemo.com.br\/es\/wp-json\/wp\/v2\/media?parent=290"}],"curies":[{"name":"wp","href":"https:\/\/api.w.org\/{rel}","templated":true}]}}