{"id":285,"date":"2024-07-25T00:50:15","date_gmt":"2024-07-25T03:50:15","guid":{"rendered":"https:\/\/zemo.com.br\/dev\/?page_id=285"},"modified":"2024-07-31T17:33:26","modified_gmt":"2024-07-31T20:33:26","slug":"por-que-a-traducao-de-pesquisa-clinica-e-fundamental","status":"publish","type":"page","link":"https:\/\/zemo.com.br\/es\/por-que-a-traducao-de-pesquisa-clinica-e-fundamental\/","title":{"rendered":"\u00bfPor qu\u00e9 es fundamental la traducci\u00f3n de la investigaci\u00f3n cl\u00ednica?"},"content":{"rendered":"<div data-elementor-type=\"wp-page\" data-elementor-id=\"285\" class=\"elementor elementor-285\" data-elementor-post-type=\"page\">\n\t\t\t\t<div class=\"elementor-element elementor-element-513b9aa e-con-full e-flex e-con e-parent\" data-id=\"513b9aa\" data-element_type=\"container\" data-settings=\"{&quot;background_background&quot;:&quot;classic&quot;}\">\n\t\t<div class=\"elementor-element elementor-element-72ba634 e-flex e-con-boxed e-con e-child\" data-id=\"72ba634\" data-element_type=\"container\">\n\t\t\t\t\t<div class=\"e-con-inner\">\n\t\t\t\t<div class=\"elementor-element elementor-element-ad901ad elementor-widget elementor-widget-heading\" data-id=\"ad901ad\" data-element_type=\"widget\" data-widget_type=\"heading.default\">\n\t\t\t\t<div class=\"elementor-widget-container\">\n\t\t\t\t\t<h1 class=\"elementor-heading-title elementor-size-default\">\u00bfPor qu\u00e9 es fundamental la traducci\u00f3n de la investigaci\u00f3n cl\u00ednica?<\/h1>\t\t\t\t<\/div>\n\t\t\t\t<\/div>\n\t\t\t\t<div class=\"elementor-element elementor-element-26a1a63 elementor-widget elementor-widget-text-editor\" data-id=\"26a1a63\" data-element_type=\"widget\" data-widget_type=\"text-editor.default\">\n\t\t\t\t<div class=\"elementor-widget-container\">\n\t\t\t\t\t\t\t\t\t<p>La investigaci\u00f3n cl\u00ednica desempe\u00f1a un papel crucial en el avance de la ciencia m\u00e9dica y en el desarrollo de nuevos tratamientos y terapias para una variedad de afecciones de salud. Sin embargo, para que los hallazgos de la investigaci\u00f3n cl\u00ednica sean ampliamente accesibles y aplicables a escala global, es esencial que estos hallazgos se traduzcan con precisi\u00f3n a diferentes idiomas.<\/p>\t\t\t\t\t\t\t\t<\/div>\n\t\t\t\t<\/div>\n\t\t\t\t<div class=\"elementor-element elementor-element-6a0d6d5 elementor-widget elementor-widget-heading\" data-id=\"6a0d6d5\" data-element_type=\"widget\" data-widget_type=\"heading.default\">\n\t\t\t\t<div class=\"elementor-widget-container\">\n\t\t\t\t\t<h2 class=\"elementor-heading-title elementor-size-default\">Acceso universal:<\/h2>\t\t\t\t<\/div>\n\t\t\t\t<\/div>\n\t\t\t\t<div class=\"elementor-element elementor-element-ebbb181 elementor-widget elementor-widget-text-editor\" data-id=\"ebbb181\" data-element_type=\"widget\" data-widget_type=\"text-editor.default\">\n\t\t\t\t<div class=\"elementor-widget-container\">\n\t\t\t\t\t\t\t\t\t<p>La traducci\u00f3n de la investigaci\u00f3n cl\u00ednica permite que los resultados sean comprendidos y utilizados por profesionales de la salud, investigadores y pacientes de todo el mundo. Esto es fundamental para garantizar que los avances en medicina no se limiten a las fronteras ling\u00fc\u00edsticas, garantizando que todos tengan el mismo acceso a los beneficios de la investigaci\u00f3n m\u00e9dica.<\/p>\t\t\t\t\t\t\t\t<\/div>\n\t\t\t\t<\/div>\n\t\t\t\t<div class=\"elementor-element elementor-element-543a001 elementor-widget elementor-widget-heading\" data-id=\"543a001\" data-element_type=\"widget\" data-widget_type=\"heading.default\">\n\t\t\t\t<div class=\"elementor-widget-container\">\n\t\t\t\t\t<h2 class=\"elementor-heading-title elementor-size-default\">Precisi\u00f3n y consistencia:<\/h2>\t\t\t\t<\/div>\n\t\t\t\t<\/div>\n\t\t\t\t<div class=\"elementor-element elementor-element-06b5763 elementor-widget elementor-widget-text-editor\" data-id=\"06b5763\" data-element_type=\"widget\" data-widget_type=\"text-editor.default\">\n\t\t\t\t<div class=\"elementor-widget-container\">\n\t\t\t\t\t\t\t\t\t<p>Una traducci\u00f3n precisa y coherente es esencial para evitar malentendidos e interpretaciones err\u00f3neas de los resultados de la investigaci\u00f3n cl\u00ednica. Los errores de traducci\u00f3n pueden llevar a conclusiones incorrectas o a una aplicaci\u00f3n inadecuada de los tratamientos, lo que puede tener graves consecuencias para la salud de los pacientes.<\/p>\t\t\t\t\t\t\t\t<\/div>\n\t\t\t\t<\/div>\n\t\t\t\t<div class=\"elementor-element elementor-element-723d47f elementor-widget elementor-widget-heading\" data-id=\"723d47f\" data-element_type=\"widget\" data-widget_type=\"heading.default\">\n\t\t\t\t<div class=\"elementor-widget-container\">\n\t\t\t\t\t<h2 class=\"elementor-heading-title elementor-size-default\">Cumplimiento normativo:<\/h2>\t\t\t\t<\/div>\n\t\t\t\t<\/div>\n\t\t\t\t<div class=\"elementor-element elementor-element-80313f6 elementor-widget elementor-widget-text-editor\" data-id=\"80313f6\" data-element_type=\"widget\" data-widget_type=\"text-editor.default\">\n\t\t\t\t<div class=\"elementor-widget-container\">\n\t\t\t\t\t\t\t\t\t<p>En muchos casos, la traducci\u00f3n de documentos relacionados con la investigaci\u00f3n cl\u00ednica es necesaria para cumplir con los requisitos regulatorios en diferentes pa\u00edses. Esto es especialmente importante en los ensayos cl\u00ednicos multinacionales, donde la traducci\u00f3n de protocolos, consentimientos informados y otros documentos es fundamental para garantizar el cumplimiento de las normas locales e internacionales.<\/p>\t\t\t\t\t\t\t\t<\/div>\n\t\t\t\t<\/div>\n\t\t\t\t<div class=\"elementor-element elementor-element-4c69207 elementor-widget elementor-widget-heading\" data-id=\"4c69207\" data-element_type=\"widget\" data-widget_type=\"heading.default\">\n\t\t\t\t<div class=\"elementor-widget-container\">\n\t\t\t\t\t<h2 class=\"elementor-heading-title elementor-size-default\">Respeto a la diversidad cultural:<\/h2>\t\t\t\t<\/div>\n\t\t\t\t<\/div>\n\t\t\t\t<div class=\"elementor-element elementor-element-4684634 elementor-widget elementor-widget-text-editor\" data-id=\"4684634\" data-element_type=\"widget\" data-widget_type=\"text-editor.default\">\n\t\t\t\t<div class=\"elementor-widget-container\">\n\t\t\t\t\t\t\t\t\t<p>Cada pa\u00eds y cultura tiene sus propias normas y pr\u00e1cticas m\u00e9dicas, as\u00ed como sus propias perspectivas y creencias con respecto a la salud y la enfermedad. Traducir la investigaci\u00f3n cl\u00ednica permite contextualizar y adaptar los resultados para satisfacer las necesidades y sensibilidades espec\u00edficas de las diferentes comunidades, promoviendo as\u00ed un enfoque m\u00e1s inclusivo y culturalmente sensible de la atenci\u00f3n m\u00e9dica.<\/p><p>En resumen, la traducci\u00f3n de la investigaci\u00f3n cl\u00ednica desempe\u00f1a un papel vital en la difusi\u00f3n y aplicaci\u00f3n de los descubrimientos m\u00e9dicos en todo el mundo. Garantizar que estas traducciones sean precisas, coherentes y culturalmente relevantes es esencial para avanzar en la medicina y mejorar los resultados de salud para todos.<\/p>\t\t\t\t\t\t\t\t<\/div>\n\t\t\t\t<\/div>\n\t\t\t\t\t<\/div>\n\t\t\t\t<\/div>\n\t\t\t\t<\/div>\n\t\t\t\t<\/div>","protected":false},"excerpt":{"rendered":"<p>Por que a Tradu\u00e7\u00e3o de Pesquisa Cl\u00ednica \u00e9 Fundamental? A pesquisa cl\u00ednica desempenha um papel crucial no avan\u00e7o da ci\u00eancia [&hellip;]<\/p>\n","protected":false},"author":1,"featured_media":0,"parent":0,"menu_order":0,"comment_status":"closed","ping_status":"closed","template":"","meta":{"site-sidebar-layout":"no-sidebar","site-content-layout":"","ast-site-content-layout":"full-width-container","site-content-style":"default","site-sidebar-style":"default","ast-global-header-display":"","ast-banner-title-visibility":"","ast-main-header-display":"","ast-hfb-above-header-display":"","ast-hfb-below-header-display":"","ast-hfb-mobile-header-display":"","site-post-title":"disabled","ast-breadcrumbs-content":"","ast-featured-img":"disabled","footer-sml-layout":"","theme-transparent-header-meta":"","adv-header-id-meta":"","stick-header-meta":"","header-above-stick-meta":"","header-main-stick-meta":"","header-below-stick-meta":"","astra-migrate-meta-layouts":"default","ast-page-background-enabled":"default","ast-page-background-meta":{"desktop":{"background-color":"var(--ast-global-color-4)","background-image":"","background-repeat":"repeat","background-position":"center center","background-size":"auto","background-attachment":"scroll","background-type":"","background-media":"","overlay-type":"","overlay-color":"","overlay-opacity":"","overlay-gradient":""},"tablet":{"background-color":"","background-image":"","background-repeat":"repeat","background-position":"center center","background-size":"auto","background-attachment":"scroll","background-type":"","background-media":"","overlay-type":"","overlay-color":"","overlay-opacity":"","overlay-gradient":""},"mobile":{"background-color":"","background-image":"","background-repeat":"repeat","background-position":"center center","background-size":"auto","background-attachment":"scroll","background-type":"","background-media":"","overlay-type":"","overlay-color":"","overlay-opacity":"","overlay-gradient":""}},"ast-content-background-meta":{"desktop":{"background-color":"var(--ast-global-color-5)","background-image":"","background-repeat":"repeat","background-position":"center center","background-size":"auto","background-attachment":"scroll","background-type":"","background-media":"","overlay-type":"","overlay-color":"","overlay-opacity":"","overlay-gradient":""},"tablet":{"background-color":"var(--ast-global-color-5)","background-image":"","background-repeat":"repeat","background-position":"center center","background-size":"auto","background-attachment":"scroll","background-type":"","background-media":"","overlay-type":"","overlay-color":"","overlay-opacity":"","overlay-gradient":""},"mobile":{"background-color":"var(--ast-global-color-5)","background-image":"","background-repeat":"repeat","background-position":"center center","background-size":"auto","background-attachment":"scroll","background-type":"","background-media":"","overlay-type":"","overlay-color":"","overlay-opacity":"","overlay-gradient":""}},"footnotes":""},"class_list":["post-285","page","type-page","status-publish","hentry"],"yoast_head":"<!-- This site is optimized with the Yoast SEO plugin v27.3 - https:\/\/yoast.com\/product\/yoast-seo-wordpress\/ -->\n<title>Por que a Tradu\u00e7\u00e3o de Pesquisa Cl\u00ednica \u00e9 Fundamental? - Zemo Tradu\u00e7\u00f5es<\/title>\n<meta name=\"description\" content=\"A pesquisa cl\u00ednica desempenha um papel crucial no avan\u00e7o da ci\u00eancia m\u00e9dica e no desenvolvimento de novos tratamentos e terapias para uma variedade de condi\u00e7\u00f5es de sa\u00fade. No entanto, para que os resultados da pesquisa cl\u00ednica sejam amplamente acess\u00edveis e aplic\u00e1veis em uma escala global, \u00e9 essencial que essas descobertas sejam traduzidas com precis\u00e3o para diferentes idiomas.\" \/>\n<meta name=\"robots\" content=\"index, follow, max-snippet:-1, max-image-preview:large, max-video-preview:-1\" \/>\n<link rel=\"canonical\" href=\"https:\/\/zemo.com.br\/es\/por-que-a-traducao-de-pesquisa-clinica-e-fundamental\/\" \/>\n<meta property=\"og:locale\" content=\"es_ES\" \/>\n<meta property=\"og:type\" content=\"article\" \/>\n<meta property=\"og:title\" content=\"Por que a Tradu\u00e7\u00e3o de Pesquisa Cl\u00ednica \u00e9 Fundamental? - Zemo Tradu\u00e7\u00f5es\" \/>\n<meta property=\"og:description\" content=\"A pesquisa cl\u00ednica desempenha um papel crucial no avan\u00e7o da ci\u00eancia m\u00e9dica e no desenvolvimento de novos tratamentos e terapias para uma variedade de condi\u00e7\u00f5es de sa\u00fade. No entanto, para que os resultados da pesquisa cl\u00ednica sejam amplamente acess\u00edveis e aplic\u00e1veis em uma escala global, \u00e9 essencial que essas descobertas sejam traduzidas com precis\u00e3o para diferentes idiomas.\" \/>\n<meta property=\"og:url\" content=\"https:\/\/zemo.com.br\/es\/por-que-a-traducao-de-pesquisa-clinica-e-fundamental\/\" \/>\n<meta property=\"og:site_name\" content=\"Zemo Tradu\u00e7\u00f5es\" \/>\n<meta property=\"article:publisher\" content=\"https:\/\/www.facebook.com\/share\/cTvhJS1iCpy8EgLG\/?mibextid=qi2Omg\" \/>\n<meta property=\"article:modified_time\" content=\"2024-07-31T20:33:26+00:00\" \/>\n<meta property=\"og:image\" content=\"https:\/\/zemo.com.br\/wp-content\/uploads\/2024\/07\/logo-zemo-512.png\" \/>\n\t<meta property=\"og:image:width\" content=\"512\" \/>\n\t<meta property=\"og:image:height\" content=\"237\" \/>\n\t<meta property=\"og:image:type\" content=\"image\/png\" \/>\n<meta name=\"twitter:card\" content=\"summary_large_image\" \/>\n<meta name=\"twitter:label1\" content=\"Tiempo de lectura\" \/>\n\t<meta name=\"twitter:data1\" content=\"2 minutos\" \/>\n<script type=\"application\/ld+json\" class=\"yoast-schema-graph\">{\"@context\":\"https:\\\/\\\/schema.org\",\"@graph\":[{\"@type\":\"WebPage\",\"@id\":\"https:\\\/\\\/zemo.com.br\\\/por-que-a-traducao-de-pesquisa-clinica-e-fundamental\\\/\",\"url\":\"https:\\\/\\\/zemo.com.br\\\/por-que-a-traducao-de-pesquisa-clinica-e-fundamental\\\/\",\"name\":\"Por que a Tradu\u00e7\u00e3o de Pesquisa Cl\u00ednica \u00e9 Fundamental? - Zemo Tradu\u00e7\u00f5es\",\"isPartOf\":{\"@id\":\"https:\\\/\\\/zemo.com.br\\\/#website\"},\"datePublished\":\"2024-07-25T03:50:15+00:00\",\"dateModified\":\"2024-07-31T20:33:26+00:00\",\"description\":\"A pesquisa cl\u00ednica desempenha um papel crucial no avan\u00e7o da ci\u00eancia m\u00e9dica e no desenvolvimento de novos tratamentos e terapias para uma variedade de condi\u00e7\u00f5es de sa\u00fade. No entanto, para que os resultados da pesquisa cl\u00ednica sejam amplamente acess\u00edveis e aplic\u00e1veis em uma escala global, \u00e9 essencial que essas descobertas sejam traduzidas com precis\u00e3o para diferentes idiomas.\",\"breadcrumb\":{\"@id\":\"https:\\\/\\\/zemo.com.br\\\/por-que-a-traducao-de-pesquisa-clinica-e-fundamental\\\/#breadcrumb\"},\"inLanguage\":\"es\",\"potentialAction\":[{\"@type\":\"ReadAction\",\"target\":[\"https:\\\/\\\/zemo.com.br\\\/por-que-a-traducao-de-pesquisa-clinica-e-fundamental\\\/\"]}]},{\"@type\":\"BreadcrumbList\",\"@id\":\"https:\\\/\\\/zemo.com.br\\\/por-que-a-traducao-de-pesquisa-clinica-e-fundamental\\\/#breadcrumb\",\"itemListElement\":[{\"@type\":\"ListItem\",\"position\":1,\"name\":\"In\u00edcio\",\"item\":\"https:\\\/\\\/zemo.com.br\\\/\"},{\"@type\":\"ListItem\",\"position\":2,\"name\":\"Por que a Tradu\u00e7\u00e3o de Pesquisa Cl\u00ednica \u00e9 Fundamental?\"}]},{\"@type\":\"WebSite\",\"@id\":\"https:\\\/\\\/zemo.com.br\\\/#website\",\"url\":\"https:\\\/\\\/zemo.com.br\\\/\",\"name\":\"Zemo Tradu\u00e7\u00f5es\",\"description\":\"Fundada em 2003, Zemo j\u00e1 conquistou o mercado, devido ao servi\u00e7o r\u00e1pido e eficiente, realizando tradu\u00e7\u00f5es para empresas grandes e pequenas, sempre com o mesmo cuidado e uma minuciosa revis\u00e3o de texto, garantindo a precis\u00e3o nos m\u00ednimos detalhes.\",\"publisher\":{\"@id\":\"https:\\\/\\\/zemo.com.br\\\/#organization\"},\"potentialAction\":[{\"@type\":\"SearchAction\",\"target\":{\"@type\":\"EntryPoint\",\"urlTemplate\":\"https:\\\/\\\/zemo.com.br\\\/?s={search_term_string}\"},\"query-input\":{\"@type\":\"PropertyValueSpecification\",\"valueRequired\":true,\"valueName\":\"search_term_string\"}}],\"inLanguage\":\"es\"},{\"@type\":\"Organization\",\"@id\":\"https:\\\/\\\/zemo.com.br\\\/#organization\",\"name\":\"Zemo Tradu\u00e7\u00f5es\",\"url\":\"https:\\\/\\\/zemo.com.br\\\/\",\"logo\":{\"@type\":\"ImageObject\",\"inLanguage\":\"es\",\"@id\":\"https:\\\/\\\/zemo.com.br\\\/#\\\/schema\\\/logo\\\/image\\\/\",\"url\":\"https:\\\/\\\/zemo.com.br\\\/wp-content\\\/uploads\\\/2024\\\/07\\\/logo-zemo-512.png\",\"contentUrl\":\"https:\\\/\\\/zemo.com.br\\\/wp-content\\\/uploads\\\/2024\\\/07\\\/logo-zemo-512.png\",\"width\":512,\"height\":237,\"caption\":\"Zemo Tradu\u00e7\u00f5es\"},\"image\":{\"@id\":\"https:\\\/\\\/zemo.com.br\\\/#\\\/schema\\\/logo\\\/image\\\/\"},\"sameAs\":[\"https:\\\/\\\/www.facebook.com\\\/share\\\/cTvhJS1iCpy8EgLG\\\/?mibextid=qi2Omg\",\"https:\\\/\\\/www.instagram.com\\\/zemotraducoes\"]}]}<\/script>\n<!-- \/ Yoast SEO plugin. -->","yoast_head_json":{"title":"Por que a Tradu\u00e7\u00e3o de Pesquisa Cl\u00ednica \u00e9 Fundamental? - Zemo Tradu\u00e7\u00f5es","description":"La investigaci\u00f3n cl\u00ednica desempe\u00f1a un papel crucial en el avance de la ciencia m\u00e9dica y en el desarrollo de nuevos tratamientos y terapias para una variedad de afecciones de salud. Sin embargo, para que los hallazgos de la investigaci\u00f3n cl\u00ednica sean ampliamente accesibles y aplicables a escala global, es esencial que estos hallazgos se traduzcan con precisi\u00f3n a diferentes idiomas.","robots":{"index":"index","follow":"follow","max-snippet":"max-snippet:-1","max-image-preview":"max-image-preview:large","max-video-preview":"max-video-preview:-1"},"canonical":"https:\/\/zemo.com.br\/es\/por-que-a-traducao-de-pesquisa-clinica-e-fundamental\/","og_locale":"es_ES","og_type":"article","og_title":"Por que a Tradu\u00e7\u00e3o de Pesquisa Cl\u00ednica \u00e9 Fundamental? - Zemo Tradu\u00e7\u00f5es","og_description":"A pesquisa cl\u00ednica desempenha um papel crucial no avan\u00e7o da ci\u00eancia m\u00e9dica e no desenvolvimento de novos tratamentos e terapias para uma variedade de condi\u00e7\u00f5es de sa\u00fade. No entanto, para que os resultados da pesquisa cl\u00ednica sejam amplamente acess\u00edveis e aplic\u00e1veis em uma escala global, \u00e9 essencial que essas descobertas sejam traduzidas com precis\u00e3o para diferentes idiomas.","og_url":"https:\/\/zemo.com.br\/es\/por-que-a-traducao-de-pesquisa-clinica-e-fundamental\/","og_site_name":"Zemo Tradu\u00e7\u00f5es","article_publisher":"https:\/\/www.facebook.com\/share\/cTvhJS1iCpy8EgLG\/?mibextid=qi2Omg","article_modified_time":"2024-07-31T20:33:26+00:00","og_image":[{"width":512,"height":237,"url":"https:\/\/zemo.com.br\/wp-content\/uploads\/2024\/07\/logo-zemo-512.png","type":"image\/png"}],"twitter_card":"summary_large_image","twitter_misc":{"Tiempo de lectura":"2 minutos"},"schema":{"@context":"https:\/\/schema.org","@graph":[{"@type":"WebPage","@id":"https:\/\/zemo.com.br\/por-que-a-traducao-de-pesquisa-clinica-e-fundamental\/","url":"https:\/\/zemo.com.br\/por-que-a-traducao-de-pesquisa-clinica-e-fundamental\/","name":"Por que a Tradu\u00e7\u00e3o de Pesquisa Cl\u00ednica \u00e9 Fundamental? - Zemo Tradu\u00e7\u00f5es","isPartOf":{"@id":"https:\/\/zemo.com.br\/#website"},"datePublished":"2024-07-25T03:50:15+00:00","dateModified":"2024-07-31T20:33:26+00:00","description":"La investigaci\u00f3n cl\u00ednica desempe\u00f1a un papel crucial en el avance de la ciencia m\u00e9dica y en el desarrollo de nuevos tratamientos y terapias para una variedad de afecciones de salud. Sin embargo, para que los hallazgos de la investigaci\u00f3n cl\u00ednica sean ampliamente accesibles y aplicables a escala global, es esencial que estos hallazgos se traduzcan con precisi\u00f3n a diferentes idiomas.","breadcrumb":{"@id":"https:\/\/zemo.com.br\/por-que-a-traducao-de-pesquisa-clinica-e-fundamental\/#breadcrumb"},"inLanguage":"es","potentialAction":[{"@type":"ReadAction","target":["https:\/\/zemo.com.br\/por-que-a-traducao-de-pesquisa-clinica-e-fundamental\/"]}]},{"@type":"BreadcrumbList","@id":"https:\/\/zemo.com.br\/por-que-a-traducao-de-pesquisa-clinica-e-fundamental\/#breadcrumb","itemListElement":[{"@type":"ListItem","position":1,"name":"In\u00edcio","item":"https:\/\/zemo.com.br\/"},{"@type":"ListItem","position":2,"name":"Por que a Tradu\u00e7\u00e3o de Pesquisa Cl\u00ednica \u00e9 Fundamental?"}]},{"@type":"WebSite","@id":"https:\/\/zemo.com.br\/#website","url":"https:\/\/zemo.com.br\/","name":"Zemo Tradu\u00e7\u00f5es","description":"Fundada en 2003, Zemo ya conquist\u00f3 el mercado, ofreciendo servicio r\u00e1pido y eficiente, realizando traducciones para empresas grandes y peque\u00f1as, siempre con el mismo cuidado y una minuciosa revisi\u00f3n del texto, garantizando la precisi\u00f3n en los m\u00ednimos detalles.","publisher":{"@id":"https:\/\/zemo.com.br\/#organization"},"potentialAction":[{"@type":"SearchAction","target":{"@type":"EntryPoint","urlTemplate":"https:\/\/zemo.com.br\/?s={search_term_string}"},"query-input":{"@type":"PropertyValueSpecification","valueRequired":true,"valueName":"search_term_string"}}],"inLanguage":"es"},{"@type":"Organization","@id":"https:\/\/zemo.com.br\/#organization","name":"Zemo Tradu\u00e7\u00f5es","url":"https:\/\/zemo.com.br\/","logo":{"@type":"ImageObject","inLanguage":"es","@id":"https:\/\/zemo.com.br\/#\/schema\/logo\/image\/","url":"https:\/\/zemo.com.br\/wp-content\/uploads\/2024\/07\/logo-zemo-512.png","contentUrl":"https:\/\/zemo.com.br\/wp-content\/uploads\/2024\/07\/logo-zemo-512.png","width":512,"height":237,"caption":"Zemo Tradu\u00e7\u00f5es"},"image":{"@id":"https:\/\/zemo.com.br\/#\/schema\/logo\/image\/"},"sameAs":["https:\/\/www.facebook.com\/share\/cTvhJS1iCpy8EgLG\/?mibextid=qi2Omg","https:\/\/www.instagram.com\/zemotraducoes"]}]}},"_links":{"self":[{"href":"https:\/\/zemo.com.br\/es\/wp-json\/wp\/v2\/pages\/285","targetHints":{"allow":["GET"]}}],"collection":[{"href":"https:\/\/zemo.com.br\/es\/wp-json\/wp\/v2\/pages"}],"about":[{"href":"https:\/\/zemo.com.br\/es\/wp-json\/wp\/v2\/types\/page"}],"author":[{"embeddable":true,"href":"https:\/\/zemo.com.br\/es\/wp-json\/wp\/v2\/users\/1"}],"replies":[{"embeddable":true,"href":"https:\/\/zemo.com.br\/es\/wp-json\/wp\/v2\/comments?post=285"}],"version-history":[{"count":0,"href":"https:\/\/zemo.com.br\/es\/wp-json\/wp\/v2\/pages\/285\/revisions"}],"wp:attachment":[{"href":"https:\/\/zemo.com.br\/es\/wp-json\/wp\/v2\/media?parent=285"}],"curies":[{"name":"wp","href":"https:\/\/api.w.org\/{rel}","templated":true}]}}