{"id":280,"date":"2024-07-25T00:34:12","date_gmt":"2024-07-25T03:34:12","guid":{"rendered":"https:\/\/zemo.com.br\/dev\/?page_id=280"},"modified":"2024-07-31T17:32:24","modified_gmt":"2024-07-31T20:32:24","slug":"o-que-e-traducao-juramentada","status":"publish","type":"page","link":"https:\/\/zemo.com.br\/es\/o-que-e-traducao-juramentada\/","title":{"rendered":"\u00bfQu\u00e9 es la Traducci\u00f3n Jurada?"},"content":{"rendered":"<div data-elementor-type=\"wp-page\" data-elementor-id=\"280\" class=\"elementor elementor-280\" data-elementor-post-type=\"page\">\n\t\t\t\t<div class=\"elementor-element elementor-element-513b9aa e-con-full e-flex e-con e-parent\" data-id=\"513b9aa\" data-element_type=\"container\" data-settings=\"{&quot;background_background&quot;:&quot;classic&quot;}\">\n\t\t<div class=\"elementor-element elementor-element-72ba634 e-flex e-con-boxed e-con e-child\" data-id=\"72ba634\" data-element_type=\"container\">\n\t\t\t\t\t<div class=\"e-con-inner\">\n\t\t\t\t<div class=\"elementor-element elementor-element-ad901ad elementor-widget elementor-widget-heading\" data-id=\"ad901ad\" data-element_type=\"widget\" data-widget_type=\"heading.default\">\n\t\t\t\t<div class=\"elementor-widget-container\">\n\t\t\t\t\t<h1 class=\"elementor-heading-title elementor-size-default\">\u00bfQu\u00e9 es la Traducci\u00f3n Jurada?<\/h1>\t\t\t\t<\/div>\n\t\t\t\t<\/div>\n\t\t\t\t<div class=\"elementor-element elementor-element-26a1a63 elementor-widget elementor-widget-text-editor\" data-id=\"26a1a63\" data-element_type=\"widget\" data-widget_type=\"text-editor.default\">\n\t\t\t\t<div class=\"elementor-widget-container\">\n\t\t\t\t\t\t\t\t\t<p>La traducci\u00f3n jurada es un tipo de traducci\u00f3n especializada que est\u00e1 legalmente reconocida en muchos pa\u00edses del mundo. Tambi\u00e9n conocida como traducci\u00f3n oficial o p\u00fablica, la traducci\u00f3n jurada es realizada por un traductor jurado, que es un profesional autorizado por el gobierno para certificar la autenticidad y fidelidad de la traducci\u00f3n.<\/p>\t\t\t\t\t\t\t\t<\/div>\n\t\t\t\t<\/div>\n\t\t\t\t<div class=\"elementor-element elementor-element-6a0d6d5 elementor-widget elementor-widget-heading\" data-id=\"6a0d6d5\" data-element_type=\"widget\" data-widget_type=\"heading.default\">\n\t\t\t\t<div class=\"elementor-widget-container\">\n\t\t\t\t\t<h2 class=\"elementor-heading-title elementor-size-default\">Proceso de traducci\u00f3n jurada:<\/h2>\t\t\t\t<\/div>\n\t\t\t\t<\/div>\n\t\t\t\t<div class=\"elementor-element elementor-element-ebbb181 elementor-widget elementor-widget-text-editor\" data-id=\"ebbb181\" data-element_type=\"widget\" data-widget_type=\"text-editor.default\">\n\t\t\t\t<div class=\"elementor-widget-container\">\n\t\t\t\t\t\t\t\t\t<p>Al realizar una traducci\u00f3n jurada, el traductor jurado emite un documento oficial, conocido como \"versi\u00f3n jurada\", que certifica que la traducci\u00f3n es una representaci\u00f3n exacta y completa del documento original. El traductor jurado tambi\u00e9n adjunta su firma, sello y n\u00famero de registro oficial al documento, lo que le da validez legal.<\/p>\t\t\t\t\t\t\t\t<\/div>\n\t\t\t\t<\/div>\n\t\t\t\t<div class=\"elementor-element elementor-element-543a001 elementor-widget elementor-widget-heading\" data-id=\"543a001\" data-element_type=\"widget\" data-widget_type=\"heading.default\">\n\t\t\t\t<div class=\"elementor-widget-container\">\n\t\t\t\t\t<h2 class=\"elementor-heading-title elementor-size-default\">\u00bfCu\u00e1ndo es necesaria una traducci\u00f3n jurada?<\/h2>\t\t\t\t<\/div>\n\t\t\t\t<\/div>\n\t\t\t\t<div class=\"elementor-element elementor-element-06b5763 elementor-widget elementor-widget-text-editor\" data-id=\"06b5763\" data-element_type=\"widget\" data-widget_type=\"text-editor.default\">\n\t\t\t\t<div class=\"elementor-widget-container\">\n\t\t\t\t\t\t\t\t\t<p>La traducci\u00f3n jurada a menudo se requiere en una variedad de situaciones legales y oficiales, tales como:<\/p><ul><li>Documentos de inmigraci\u00f3n (visas, pasaportes, certificados de nacimiento, matrimonio y defunci\u00f3n);<\/li><li>Documentos acad\u00e9micos (diplomas, expedientes acad\u00e9micos);<\/li><li>Contratos legales y comerciales;<\/li><li>Documentos financieros (extractos bancarios, declaraciones de impuestos sobre la renta).<\/li><\/ul>\t\t\t\t\t\t\t\t<\/div>\n\t\t\t\t<\/div>\n\t\t\t\t<div class=\"elementor-element elementor-element-723d47f elementor-widget elementor-widget-heading\" data-id=\"723d47f\" data-element_type=\"widget\" data-widget_type=\"heading.default\">\n\t\t\t\t<div class=\"elementor-widget-container\">\n\t\t\t\t\t<h2 class=\"elementor-heading-title elementor-size-default\">\u00bfPor qu\u00e9 elegir una traducci\u00f3n jurada?<\/h2>\t\t\t\t<\/div>\n\t\t\t\t<\/div>\n\t\t\t\t<div class=\"elementor-element elementor-element-80313f6 elementor-widget elementor-widget-text-editor\" data-id=\"80313f6\" data-element_type=\"widget\" data-widget_type=\"text-editor.default\">\n\t\t\t\t<div class=\"elementor-widget-container\">\n\t\t\t\t\t\t\t\t\t<p>La traducci\u00f3n jurada es imprescindible siempre que necesites presentar documentos en un pa\u00eds extranjero con fines legales, administrativos o acad\u00e9micos. Al elegir una traducci\u00f3n jurada, puedes confiar en la autenticidad y validez del documento traducido, lo que garantiza el cumplimiento de los requisitos legales locales e internacionales.<\/p>\t\t\t\t\t\t\t\t<\/div>\n\t\t\t\t<\/div>\n\t\t\t\t<div class=\"elementor-element elementor-element-4c69207 elementor-widget elementor-widget-heading\" data-id=\"4c69207\" data-element_type=\"widget\" data-widget_type=\"heading.default\">\n\t\t\t\t<div class=\"elementor-widget-container\">\n\t\t\t\t\t<h2 class=\"elementor-heading-title elementor-size-default\">Nuestros servicios de traducci\u00f3n jurada:<\/h2>\t\t\t\t<\/div>\n\t\t\t\t<\/div>\n\t\t\t\t<div class=\"elementor-element elementor-element-4684634 elementor-widget elementor-widget-text-editor\" data-id=\"4684634\" data-element_type=\"widget\" data-widget_type=\"text-editor.default\">\n\t\t\t\t<div class=\"elementor-widget-container\">\n\t\t\t\t\t\t\t\t\t<p>En Zemo Tradu\u00e7\u00f5es, contamos con un equipo de traductores jurados altamente cualificados y experimentados, listos para prestar servicios de traducci\u00f3n jurada de alta calidad, en una gran variedad de idiomas y \u00e1reas de especializaci\u00f3n. Combinando experiencia ling\u00fc\u00edstica y conocimientos legales, nos comprometemos a proporcionar traducciones precisas y confiables que satisfagan sus necesidades espec\u00edficas.<\/p><p>Cont\u00e1ctenos hoy mismo para obtener m\u00e1s informaci\u00f3n sobre nuestros servicios de traducci\u00f3n jurada y c\u00f3mo podemos ayudarle a satisfacer sus necesidades de traducci\u00f3n oficial y jur\u00eddica.<\/p>\t\t\t\t\t\t\t\t<\/div>\n\t\t\t\t<\/div>\n\t\t\t\t\t<\/div>\n\t\t\t\t<\/div>\n\t\t\t\t<\/div>\n\t\t\t\t<\/div>","protected":false},"excerpt":{"rendered":"<p>O que \u00e9 Tradu\u00e7\u00e3o Juramentada? A tradu\u00e7\u00e3o juramentada \u00e9 um tipo especializado de tradu\u00e7\u00e3o reconhecido legalmente em muitos pa\u00edses ao [&hellip;]<\/p>\n","protected":false},"author":1,"featured_media":0,"parent":0,"menu_order":0,"comment_status":"closed","ping_status":"closed","template":"","meta":{"site-sidebar-layout":"no-sidebar","site-content-layout":"","ast-site-content-layout":"full-width-container","site-content-style":"default","site-sidebar-style":"default","ast-global-header-display":"","ast-banner-title-visibility":"","ast-main-header-display":"","ast-hfb-above-header-display":"","ast-hfb-below-header-display":"","ast-hfb-mobile-header-display":"","site-post-title":"disabled","ast-breadcrumbs-content":"","ast-featured-img":"disabled","footer-sml-layout":"","theme-transparent-header-meta":"","adv-header-id-meta":"","stick-header-meta":"","header-above-stick-meta":"","header-main-stick-meta":"","header-below-stick-meta":"","astra-migrate-meta-layouts":"default","ast-page-background-enabled":"default","ast-page-background-meta":{"desktop":{"background-color":"var(--ast-global-color-4)","background-image":"","background-repeat":"repeat","background-position":"center center","background-size":"auto","background-attachment":"scroll","background-type":"","background-media":"","overlay-type":"","overlay-color":"","overlay-opacity":"","overlay-gradient":""},"tablet":{"background-color":"","background-image":"","background-repeat":"repeat","background-position":"center center","background-size":"auto","background-attachment":"scroll","background-type":"","background-media":"","overlay-type":"","overlay-color":"","overlay-opacity":"","overlay-gradient":""},"mobile":{"background-color":"","background-image":"","background-repeat":"repeat","background-position":"center center","background-size":"auto","background-attachment":"scroll","background-type":"","background-media":"","overlay-type":"","overlay-color":"","overlay-opacity":"","overlay-gradient":""}},"ast-content-background-meta":{"desktop":{"background-color":"var(--ast-global-color-5)","background-image":"","background-repeat":"repeat","background-position":"center center","background-size":"auto","background-attachment":"scroll","background-type":"","background-media":"","overlay-type":"","overlay-color":"","overlay-opacity":"","overlay-gradient":""},"tablet":{"background-color":"var(--ast-global-color-5)","background-image":"","background-repeat":"repeat","background-position":"center center","background-size":"auto","background-attachment":"scroll","background-type":"","background-media":"","overlay-type":"","overlay-color":"","overlay-opacity":"","overlay-gradient":""},"mobile":{"background-color":"var(--ast-global-color-5)","background-image":"","background-repeat":"repeat","background-position":"center center","background-size":"auto","background-attachment":"scroll","background-type":"","background-media":"","overlay-type":"","overlay-color":"","overlay-opacity":"","overlay-gradient":""}},"footnotes":""},"class_list":["post-280","page","type-page","status-publish","hentry"],"yoast_head":"<!-- This site is optimized with the Yoast SEO plugin v27.3 - https:\/\/yoast.com\/product\/yoast-seo-wordpress\/ -->\n<title>O que \u00e9 Tradu\u00e7\u00e3o Juramentada? - Zemo Tradu\u00e7\u00f5es<\/title>\n<meta name=\"description\" content=\"A tradu\u00e7\u00e3o juramentada \u00e9 um tipo especializado de tradu\u00e7\u00e3o reconhecido legalmente em muitos pa\u00edses ao redor do mundo. Tamb\u00e9m conhecida como tradu\u00e7\u00e3o oficial ou p\u00fablica, a tradu\u00e7\u00e3o juramentada \u00e9 realizada por um tradutor juramentado, que \u00e9 um profissional autorizado pelo governo para certificar a autenticidade e fidelidade da tradu\u00e7\u00e3o.\" \/>\n<meta name=\"robots\" content=\"index, follow, max-snippet:-1, max-image-preview:large, max-video-preview:-1\" \/>\n<link rel=\"canonical\" href=\"https:\/\/zemo.com.br\/es\/o-que-e-traducao-juramentada\/\" \/>\n<meta property=\"og:locale\" content=\"es_ES\" \/>\n<meta property=\"og:type\" content=\"article\" \/>\n<meta property=\"og:title\" content=\"O que \u00e9 Tradu\u00e7\u00e3o Juramentada? - Zemo Tradu\u00e7\u00f5es\" \/>\n<meta property=\"og:description\" content=\"A tradu\u00e7\u00e3o juramentada \u00e9 um tipo especializado de tradu\u00e7\u00e3o reconhecido legalmente em muitos pa\u00edses ao redor do mundo. Tamb\u00e9m conhecida como tradu\u00e7\u00e3o oficial ou p\u00fablica, a tradu\u00e7\u00e3o juramentada \u00e9 realizada por um tradutor juramentado, que \u00e9 um profissional autorizado pelo governo para certificar a autenticidade e fidelidade da tradu\u00e7\u00e3o.\" \/>\n<meta property=\"og:url\" content=\"https:\/\/zemo.com.br\/es\/o-que-e-traducao-juramentada\/\" \/>\n<meta property=\"og:site_name\" content=\"Zemo Tradu\u00e7\u00f5es\" \/>\n<meta property=\"article:publisher\" content=\"https:\/\/www.facebook.com\/share\/cTvhJS1iCpy8EgLG\/?mibextid=qi2Omg\" \/>\n<meta property=\"article:modified_time\" content=\"2024-07-31T20:32:24+00:00\" \/>\n<meta property=\"og:image\" content=\"https:\/\/zemo.com.br\/wp-content\/uploads\/2024\/07\/logo-zemo-512.png\" \/>\n\t<meta property=\"og:image:width\" content=\"512\" \/>\n\t<meta property=\"og:image:height\" content=\"237\" \/>\n\t<meta property=\"og:image:type\" content=\"image\/png\" \/>\n<meta name=\"twitter:card\" content=\"summary_large_image\" \/>\n<meta name=\"twitter:label1\" content=\"Tiempo de lectura\" \/>\n\t<meta name=\"twitter:data1\" content=\"2 minutos\" \/>\n<script type=\"application\/ld+json\" class=\"yoast-schema-graph\">{\"@context\":\"https:\\\/\\\/schema.org\",\"@graph\":[{\"@type\":\"WebPage\",\"@id\":\"https:\\\/\\\/zemo.com.br\\\/o-que-e-traducao-juramentada\\\/\",\"url\":\"https:\\\/\\\/zemo.com.br\\\/o-que-e-traducao-juramentada\\\/\",\"name\":\"O que \u00e9 Tradu\u00e7\u00e3o Juramentada? - Zemo Tradu\u00e7\u00f5es\",\"isPartOf\":{\"@id\":\"https:\\\/\\\/zemo.com.br\\\/#website\"},\"datePublished\":\"2024-07-25T03:34:12+00:00\",\"dateModified\":\"2024-07-31T20:32:24+00:00\",\"description\":\"A tradu\u00e7\u00e3o juramentada \u00e9 um tipo especializado de tradu\u00e7\u00e3o reconhecido legalmente em muitos pa\u00edses ao redor do mundo. Tamb\u00e9m conhecida como tradu\u00e7\u00e3o oficial ou p\u00fablica, a tradu\u00e7\u00e3o juramentada \u00e9 realizada por um tradutor juramentado, que \u00e9 um profissional autorizado pelo governo para certificar a autenticidade e fidelidade da tradu\u00e7\u00e3o.\",\"breadcrumb\":{\"@id\":\"https:\\\/\\\/zemo.com.br\\\/o-que-e-traducao-juramentada\\\/#breadcrumb\"},\"inLanguage\":\"es\",\"potentialAction\":[{\"@type\":\"ReadAction\",\"target\":[\"https:\\\/\\\/zemo.com.br\\\/o-que-e-traducao-juramentada\\\/\"]}]},{\"@type\":\"BreadcrumbList\",\"@id\":\"https:\\\/\\\/zemo.com.br\\\/o-que-e-traducao-juramentada\\\/#breadcrumb\",\"itemListElement\":[{\"@type\":\"ListItem\",\"position\":1,\"name\":\"In\u00edcio\",\"item\":\"https:\\\/\\\/zemo.com.br\\\/\"},{\"@type\":\"ListItem\",\"position\":2,\"name\":\"O que \u00e9 Tradu\u00e7\u00e3o Juramentada?\"}]},{\"@type\":\"WebSite\",\"@id\":\"https:\\\/\\\/zemo.com.br\\\/#website\",\"url\":\"https:\\\/\\\/zemo.com.br\\\/\",\"name\":\"Zemo Tradu\u00e7\u00f5es\",\"description\":\"Fundada em 2003, Zemo j\u00e1 conquistou o mercado, devido ao servi\u00e7o r\u00e1pido e eficiente, realizando tradu\u00e7\u00f5es para empresas grandes e pequenas, sempre com o mesmo cuidado e uma minuciosa revis\u00e3o de texto, garantindo a precis\u00e3o nos m\u00ednimos detalhes.\",\"publisher\":{\"@id\":\"https:\\\/\\\/zemo.com.br\\\/#organization\"},\"potentialAction\":[{\"@type\":\"SearchAction\",\"target\":{\"@type\":\"EntryPoint\",\"urlTemplate\":\"https:\\\/\\\/zemo.com.br\\\/?s={search_term_string}\"},\"query-input\":{\"@type\":\"PropertyValueSpecification\",\"valueRequired\":true,\"valueName\":\"search_term_string\"}}],\"inLanguage\":\"es\"},{\"@type\":\"Organization\",\"@id\":\"https:\\\/\\\/zemo.com.br\\\/#organization\",\"name\":\"Zemo Tradu\u00e7\u00f5es\",\"url\":\"https:\\\/\\\/zemo.com.br\\\/\",\"logo\":{\"@type\":\"ImageObject\",\"inLanguage\":\"es\",\"@id\":\"https:\\\/\\\/zemo.com.br\\\/#\\\/schema\\\/logo\\\/image\\\/\",\"url\":\"https:\\\/\\\/zemo.com.br\\\/wp-content\\\/uploads\\\/2024\\\/07\\\/logo-zemo-512.png\",\"contentUrl\":\"https:\\\/\\\/zemo.com.br\\\/wp-content\\\/uploads\\\/2024\\\/07\\\/logo-zemo-512.png\",\"width\":512,\"height\":237,\"caption\":\"Zemo Tradu\u00e7\u00f5es\"},\"image\":{\"@id\":\"https:\\\/\\\/zemo.com.br\\\/#\\\/schema\\\/logo\\\/image\\\/\"},\"sameAs\":[\"https:\\\/\\\/www.facebook.com\\\/share\\\/cTvhJS1iCpy8EgLG\\\/?mibextid=qi2Omg\",\"https:\\\/\\\/www.instagram.com\\\/zemotraducoes\"]}]}<\/script>\n<!-- \/ Yoast SEO plugin. -->","yoast_head_json":{"title":"O que \u00e9 Tradu\u00e7\u00e3o Juramentada? - Zemo Tradu\u00e7\u00f5es","description":"La traducci\u00f3n jurada es un tipo de traducci\u00f3n especializada que est\u00e1 legalmente reconocida en muchos pa\u00edses del mundo. Tambi\u00e9n conocida como traducci\u00f3n oficial o p\u00fablica, la traducci\u00f3n jurada es realizada por un traductor jurado, que es un profesional autorizado por el gobierno para certificar la autenticidad y fidelidad de la traducci\u00f3n.","robots":{"index":"index","follow":"follow","max-snippet":"max-snippet:-1","max-image-preview":"max-image-preview:large","max-video-preview":"max-video-preview:-1"},"canonical":"https:\/\/zemo.com.br\/es\/o-que-e-traducao-juramentada\/","og_locale":"es_ES","og_type":"article","og_title":"O que \u00e9 Tradu\u00e7\u00e3o Juramentada? - Zemo Tradu\u00e7\u00f5es","og_description":"A tradu\u00e7\u00e3o juramentada \u00e9 um tipo especializado de tradu\u00e7\u00e3o reconhecido legalmente em muitos pa\u00edses ao redor do mundo. Tamb\u00e9m conhecida como tradu\u00e7\u00e3o oficial ou p\u00fablica, a tradu\u00e7\u00e3o juramentada \u00e9 realizada por um tradutor juramentado, que \u00e9 um profissional autorizado pelo governo para certificar a autenticidade e fidelidade da tradu\u00e7\u00e3o.","og_url":"https:\/\/zemo.com.br\/es\/o-que-e-traducao-juramentada\/","og_site_name":"Zemo Tradu\u00e7\u00f5es","article_publisher":"https:\/\/www.facebook.com\/share\/cTvhJS1iCpy8EgLG\/?mibextid=qi2Omg","article_modified_time":"2024-07-31T20:32:24+00:00","og_image":[{"width":512,"height":237,"url":"https:\/\/zemo.com.br\/wp-content\/uploads\/2024\/07\/logo-zemo-512.png","type":"image\/png"}],"twitter_card":"summary_large_image","twitter_misc":{"Tiempo de lectura":"2 minutos"},"schema":{"@context":"https:\/\/schema.org","@graph":[{"@type":"WebPage","@id":"https:\/\/zemo.com.br\/o-que-e-traducao-juramentada\/","url":"https:\/\/zemo.com.br\/o-que-e-traducao-juramentada\/","name":"O que \u00e9 Tradu\u00e7\u00e3o Juramentada? - Zemo Tradu\u00e7\u00f5es","isPartOf":{"@id":"https:\/\/zemo.com.br\/#website"},"datePublished":"2024-07-25T03:34:12+00:00","dateModified":"2024-07-31T20:32:24+00:00","description":"La traducci\u00f3n jurada es un tipo de traducci\u00f3n especializada que est\u00e1 legalmente reconocida en muchos pa\u00edses del mundo. Tambi\u00e9n conocida como traducci\u00f3n oficial o p\u00fablica, la traducci\u00f3n jurada es realizada por un traductor jurado, que es un profesional autorizado por el gobierno para certificar la autenticidad y fidelidad de la traducci\u00f3n.","breadcrumb":{"@id":"https:\/\/zemo.com.br\/o-que-e-traducao-juramentada\/#breadcrumb"},"inLanguage":"es","potentialAction":[{"@type":"ReadAction","target":["https:\/\/zemo.com.br\/o-que-e-traducao-juramentada\/"]}]},{"@type":"BreadcrumbList","@id":"https:\/\/zemo.com.br\/o-que-e-traducao-juramentada\/#breadcrumb","itemListElement":[{"@type":"ListItem","position":1,"name":"In\u00edcio","item":"https:\/\/zemo.com.br\/"},{"@type":"ListItem","position":2,"name":"O que \u00e9 Tradu\u00e7\u00e3o Juramentada?"}]},{"@type":"WebSite","@id":"https:\/\/zemo.com.br\/#website","url":"https:\/\/zemo.com.br\/","name":"Zemo Tradu\u00e7\u00f5es","description":"Fundada en 2003, Zemo ya conquist\u00f3 el mercado, ofreciendo servicio r\u00e1pido y eficiente, realizando traducciones para empresas grandes y peque\u00f1as, siempre con el mismo cuidado y una minuciosa revisi\u00f3n del texto, garantizando la precisi\u00f3n en los m\u00ednimos detalles.","publisher":{"@id":"https:\/\/zemo.com.br\/#organization"},"potentialAction":[{"@type":"SearchAction","target":{"@type":"EntryPoint","urlTemplate":"https:\/\/zemo.com.br\/?s={search_term_string}"},"query-input":{"@type":"PropertyValueSpecification","valueRequired":true,"valueName":"search_term_string"}}],"inLanguage":"es"},{"@type":"Organization","@id":"https:\/\/zemo.com.br\/#organization","name":"Zemo Tradu\u00e7\u00f5es","url":"https:\/\/zemo.com.br\/","logo":{"@type":"ImageObject","inLanguage":"es","@id":"https:\/\/zemo.com.br\/#\/schema\/logo\/image\/","url":"https:\/\/zemo.com.br\/wp-content\/uploads\/2024\/07\/logo-zemo-512.png","contentUrl":"https:\/\/zemo.com.br\/wp-content\/uploads\/2024\/07\/logo-zemo-512.png","width":512,"height":237,"caption":"Zemo Tradu\u00e7\u00f5es"},"image":{"@id":"https:\/\/zemo.com.br\/#\/schema\/logo\/image\/"},"sameAs":["https:\/\/www.facebook.com\/share\/cTvhJS1iCpy8EgLG\/?mibextid=qi2Omg","https:\/\/www.instagram.com\/zemotraducoes"]}]}},"_links":{"self":[{"href":"https:\/\/zemo.com.br\/es\/wp-json\/wp\/v2\/pages\/280","targetHints":{"allow":["GET"]}}],"collection":[{"href":"https:\/\/zemo.com.br\/es\/wp-json\/wp\/v2\/pages"}],"about":[{"href":"https:\/\/zemo.com.br\/es\/wp-json\/wp\/v2\/types\/page"}],"author":[{"embeddable":true,"href":"https:\/\/zemo.com.br\/es\/wp-json\/wp\/v2\/users\/1"}],"replies":[{"embeddable":true,"href":"https:\/\/zemo.com.br\/es\/wp-json\/wp\/v2\/comments?post=280"}],"version-history":[{"count":0,"href":"https:\/\/zemo.com.br\/es\/wp-json\/wp\/v2\/pages\/280\/revisions"}],"wp:attachment":[{"href":"https:\/\/zemo.com.br\/es\/wp-json\/wp\/v2\/media?parent=280"}],"curies":[{"name":"wp","href":"https:\/\/api.w.org\/{rel}","templated":true}]}}