{"id":262,"date":"2024-07-24T17:42:24","date_gmt":"2024-07-24T20:42:24","guid":{"rendered":"https:\/\/zemo.com.br\/dev\/?page_id=262"},"modified":"2024-07-31T17:30:43","modified_gmt":"2024-07-31T20:30:43","slug":"experiencia-em-traducao-de-artigo-cientifico","status":"publish","type":"page","link":"https:\/\/zemo.com.br\/es\/experiencia-em-traducao-de-artigo-cientifico\/","title":{"rendered":"Experiencia en Traducci\u00f3n de Art\u00edculos Cient\u00edficos"},"content":{"rendered":"<div data-elementor-type=\"wp-page\" data-elementor-id=\"262\" class=\"elementor elementor-262\" data-elementor-post-type=\"page\">\n\t\t\t\t<div class=\"elementor-element elementor-element-513b9aa e-con-full e-flex e-con e-parent\" data-id=\"513b9aa\" data-element_type=\"container\" data-settings=\"{&quot;background_background&quot;:&quot;classic&quot;}\">\n\t\t<div class=\"elementor-element elementor-element-72ba634 e-flex e-con-boxed e-con e-child\" data-id=\"72ba634\" data-element_type=\"container\">\n\t\t\t\t\t<div class=\"e-con-inner\">\n\t\t\t\t<div class=\"elementor-element elementor-element-ad901ad elementor-widget elementor-widget-heading\" data-id=\"ad901ad\" data-element_type=\"widget\" data-widget_type=\"heading.default\">\n\t\t\t\t<div class=\"elementor-widget-container\">\n\t\t\t\t\t<h1 class=\"elementor-heading-title elementor-size-default\">Experiencia en Traducci\u00f3n de Art\u00edculos Cient\u00edficos<\/h1>\t\t\t\t<\/div>\n\t\t\t\t<\/div>\n\t\t\t\t<div class=\"elementor-element elementor-element-26a1a63 elementor-widget elementor-widget-text-editor\" data-id=\"26a1a63\" data-element_type=\"widget\" data-widget_type=\"text-editor.default\">\n\t\t\t\t<div class=\"elementor-widget-container\">\n\t\t\t\t\t\t\t\t\t<p>En Zemo Tradu\u00e7\u00f5es, comprendemos la importancia de una comunicaci\u00f3n clara y precisa en el \u00e1mbito de la investigaci\u00f3n cient\u00edfica. Con a\u00f1os de experiencia y un compromiso inquebrantable con la calidad, nos destacamos en la traducci\u00f3n de art\u00edculos cient\u00edficos a una amplia gama de disciplinas e idiomas.<\/p>\t\t\t\t\t\t\t\t<\/div>\n\t\t\t\t<\/div>\n\t\t\t\t<div class=\"elementor-element elementor-element-6a0d6d5 elementor-widget elementor-widget-heading\" data-id=\"6a0d6d5\" data-element_type=\"widget\" data-widget_type=\"heading.default\">\n\t\t\t\t<div class=\"elementor-widget-container\">\n\t\t\t\t\t<h2 class=\"elementor-heading-title elementor-size-default\">\u00bfPor qu\u00e9 elegir Zemo Tradu\u00e7\u00f5es?<\/h2>\t\t\t\t<\/div>\n\t\t\t\t<\/div>\n\t\t\t\t<div class=\"elementor-element elementor-element-ebbb181 elementor-widget elementor-widget-text-editor\" data-id=\"ebbb181\" data-element_type=\"widget\" data-widget_type=\"text-editor.default\">\n\t\t\t\t<div class=\"elementor-widget-container\">\n\t\t\t\t\t\t\t\t\t<p><strong>Profesionales ling\u00fc\u00edsticos experimentados:<\/strong> Nuestro equipo est\u00e1 compuesto por traductores altamente cualificados, con experiencia en la traducci\u00f3n de art\u00edculos cient\u00edficos. Tienen un profundo conocimiento en las \u00e1reas espec\u00edficas de cada investigaci\u00f3n, lo que garantiza una traducci\u00f3n precisa y contextualizada.<\/p><p><strong>Compromiso con la precisi\u00f3n y la calidad:<\/strong> En Zemo Tradu\u00e7\u00f5es, comprendemos la importancia de la precisi\u00f3n y la calidad en la traducci\u00f3n de art\u00edculos cient\u00edficos. Nuestros traductores son meticulosos en su enfoque, asegur\u00e1ndose de que cada detalle se traduzca y corrija cuidadosamente para garantizar la m\u00e1xima calidad.<\/p><p><strong>Experiencia multidisciplinaria:<\/strong> Con un equipo diverso de traductores que se especializan en una amplia gama de disciplinas cient\u00edficas, podemos satisfacer las necesidades de traducci\u00f3n de art\u00edculos en campos que van desde la medicina y la biolog\u00eda hasta la f\u00edsica y la ingenier\u00eda, entre otros.<\/p><p><strong>Confidencialidad y seguridad:<\/strong> En Zemo Tradu\u00e7\u00f5es, valoramos la confianza que nuestros clientes depositan en nosotros. Garantizamos total confidencialidad y seguridad de sus documentos, siguiendo estrictos est\u00e1ndares \u00e9ticos y de seguridad en todas las etapas del proceso de traducci\u00f3n.<\/p>\t\t\t\t\t\t\t\t<\/div>\n\t\t\t\t<\/div>\n\t\t\t\t<div class=\"elementor-element elementor-element-543a001 elementor-widget elementor-widget-heading\" data-id=\"543a001\" data-element_type=\"widget\" data-widget_type=\"heading.default\">\n\t\t\t\t<div class=\"elementor-widget-container\">\n\t\t\t\t\t<h2 class=\"elementor-heading-title elementor-size-default\">Nuestros clientes satisfechos hablan por nosotros:<\/h2>\t\t\t\t<\/div>\n\t\t\t\t<\/div>\n\t\t\t\t<div class=\"elementor-element elementor-element-06b5763 elementor-widget elementor-widget-text-editor\" data-id=\"06b5763\" data-element_type=\"widget\" data-widget_type=\"text-editor.default\">\n\t\t\t\t<div class=\"elementor-widget-container\">\n\t\t\t\t\t\t\t\t\t<p>\"Estoy muy satisfecha con el servicio de traducci\u00f3n de art\u00edculos cient\u00edficos de Zemo Tradu\u00e7\u00f5es. Han demostrado un profundo conocimiento en el \u00e1rea de investigaci\u00f3n y han entregado traducciones precisas y oportunas. Definitivamente continuar\u00e9 utilizando sus servicios en el futuro.\" - Dra. Ana Silva, Investigadora Senior.<\/p>\t\t\t\t\t\t\t\t<\/div>\n\t\t\t\t<\/div>\n\t\t\t\t<div class=\"elementor-element elementor-element-723d47f elementor-widget elementor-widget-heading\" data-id=\"723d47f\" data-element_type=\"widget\" data-widget_type=\"heading.default\">\n\t\t\t\t<div class=\"elementor-widget-container\">\n\t\t\t\t\t<h2 class=\"elementor-heading-title elementor-size-default\">Cont\u00e1ctenos:<\/h2>\t\t\t\t<\/div>\n\t\t\t\t<\/div>\n\t\t\t\t<div class=\"elementor-element elementor-element-80313f6 elementor-widget elementor-widget-text-editor\" data-id=\"80313f6\" data-element_type=\"widget\" data-widget_type=\"text-editor.default\">\n\t\t\t\t<div class=\"elementor-widget-container\">\n\t\t\t\t\t\t\t\t\t<p>Si est\u00e1 buscando servicios de alta calidad, fiables y precisos para la traducci\u00f3n de art\u00edculos cient\u00edficos, Zemo Tradu\u00e7\u00f5es es la elecci\u00f3n correcta para usted. Cont\u00e1ctenos hoy mismo para obtener m\u00e1s informaci\u00f3n sobre nuestros servicios y c\u00f3mo podemos ayudarle a comunicar su investigaci\u00f3n de forma clara y eficaz en un contexto global.<\/p>\t\t\t\t\t\t\t\t<\/div>\n\t\t\t\t<\/div>\n\t\t\t\t\t<\/div>\n\t\t\t\t<\/div>\n\t\t\t\t<\/div>\n\t\t\t\t<\/div>","protected":false},"excerpt":{"rendered":"<p>Experi\u00eancia em Tradu\u00e7\u00e3o de Artigo Cient\u00edfico Na Zemo Tradu\u00e7\u00f5es, entendemos a import\u00e2ncia da comunica\u00e7\u00e3o clara e precisa na \u00e1rea da [&hellip;]<\/p>\n","protected":false},"author":1,"featured_media":0,"parent":0,"menu_order":0,"comment_status":"closed","ping_status":"closed","template":"","meta":{"site-sidebar-layout":"no-sidebar","site-content-layout":"","ast-site-content-layout":"full-width-container","site-content-style":"default","site-sidebar-style":"default","ast-global-header-display":"","ast-banner-title-visibility":"","ast-main-header-display":"","ast-hfb-above-header-display":"","ast-hfb-below-header-display":"","ast-hfb-mobile-header-display":"","site-post-title":"disabled","ast-breadcrumbs-content":"","ast-featured-img":"disabled","footer-sml-layout":"","theme-transparent-header-meta":"","adv-header-id-meta":"","stick-header-meta":"","header-above-stick-meta":"","header-main-stick-meta":"","header-below-stick-meta":"","astra-migrate-meta-layouts":"default","ast-page-background-enabled":"default","ast-page-background-meta":{"desktop":{"background-color":"var(--ast-global-color-4)","background-image":"","background-repeat":"repeat","background-position":"center center","background-size":"auto","background-attachment":"scroll","background-type":"","background-media":"","overlay-type":"","overlay-color":"","overlay-opacity":"","overlay-gradient":""},"tablet":{"background-color":"","background-image":"","background-repeat":"repeat","background-position":"center center","background-size":"auto","background-attachment":"scroll","background-type":"","background-media":"","overlay-type":"","overlay-color":"","overlay-opacity":"","overlay-gradient":""},"mobile":{"background-color":"","background-image":"","background-repeat":"repeat","background-position":"center center","background-size":"auto","background-attachment":"scroll","background-type":"","background-media":"","overlay-type":"","overlay-color":"","overlay-opacity":"","overlay-gradient":""}},"ast-content-background-meta":{"desktop":{"background-color":"var(--ast-global-color-5)","background-image":"","background-repeat":"repeat","background-position":"center center","background-size":"auto","background-attachment":"scroll","background-type":"","background-media":"","overlay-type":"","overlay-color":"","overlay-opacity":"","overlay-gradient":""},"tablet":{"background-color":"var(--ast-global-color-5)","background-image":"","background-repeat":"repeat","background-position":"center center","background-size":"auto","background-attachment":"scroll","background-type":"","background-media":"","overlay-type":"","overlay-color":"","overlay-opacity":"","overlay-gradient":""},"mobile":{"background-color":"var(--ast-global-color-5)","background-image":"","background-repeat":"repeat","background-position":"center center","background-size":"auto","background-attachment":"scroll","background-type":"","background-media":"","overlay-type":"","overlay-color":"","overlay-opacity":"","overlay-gradient":""}},"footnotes":""},"class_list":["post-262","page","type-page","status-publish","hentry"],"yoast_head":"<!-- This site is optimized with the Yoast SEO plugin v27.3 - https:\/\/yoast.com\/product\/yoast-seo-wordpress\/ -->\n<title>Experi\u00eancia em Tradu\u00e7\u00e3o de Artigo Cient\u00edfico - Zemo Tradu\u00e7\u00f5es<\/title>\n<meta name=\"description\" content=\"Destacamos a import\u00e2ncia da comunica\u00e7\u00e3o clara e precisa na \u00e1rea da pesquisa cient\u00edfica. Com anos de experi\u00eancia e um compromisso inabal\u00e1vel com a qualidade, nos destacamos na tradu\u00e7\u00e3o de artigos cient\u00edficos em uma ampla gama de disciplinas e idiomas.\" \/>\n<meta name=\"robots\" content=\"index, follow, max-snippet:-1, max-image-preview:large, max-video-preview:-1\" \/>\n<link rel=\"canonical\" href=\"https:\/\/zemo.com.br\/es\/experiencia-em-traducao-de-artigo-cientifico\/\" \/>\n<meta property=\"og:locale\" content=\"es_ES\" \/>\n<meta property=\"og:type\" content=\"article\" \/>\n<meta property=\"og:title\" content=\"Experi\u00eancia em Tradu\u00e7\u00e3o de Artigo Cient\u00edfico - Zemo Tradu\u00e7\u00f5es\" \/>\n<meta property=\"og:description\" content=\"Destacamos a import\u00e2ncia da comunica\u00e7\u00e3o clara e precisa na \u00e1rea da pesquisa cient\u00edfica. Com anos de experi\u00eancia e um compromisso inabal\u00e1vel com a qualidade, nos destacamos na tradu\u00e7\u00e3o de artigos cient\u00edficos em uma ampla gama de disciplinas e idiomas.\" \/>\n<meta property=\"og:url\" content=\"https:\/\/zemo.com.br\/es\/experiencia-em-traducao-de-artigo-cientifico\/\" \/>\n<meta property=\"og:site_name\" content=\"Zemo Tradu\u00e7\u00f5es\" \/>\n<meta property=\"article:publisher\" content=\"https:\/\/www.facebook.com\/share\/cTvhJS1iCpy8EgLG\/?mibextid=qi2Omg\" \/>\n<meta property=\"article:modified_time\" content=\"2024-07-31T20:30:43+00:00\" \/>\n<meta property=\"og:image\" content=\"https:\/\/zemo.com.br\/wp-content\/uploads\/2024\/07\/logo-zemo-512.png\" \/>\n\t<meta property=\"og:image:width\" content=\"512\" \/>\n\t<meta property=\"og:image:height\" content=\"237\" \/>\n\t<meta property=\"og:image:type\" content=\"image\/png\" \/>\n<meta name=\"twitter:card\" content=\"summary_large_image\" \/>\n<meta name=\"twitter:label1\" content=\"Tiempo de lectura\" \/>\n\t<meta name=\"twitter:data1\" content=\"2 minutos\" \/>\n<script type=\"application\/ld+json\" class=\"yoast-schema-graph\">{\"@context\":\"https:\\\/\\\/schema.org\",\"@graph\":[{\"@type\":\"WebPage\",\"@id\":\"https:\\\/\\\/zemo.com.br\\\/experiencia-em-traducao-de-artigo-cientifico\\\/\",\"url\":\"https:\\\/\\\/zemo.com.br\\\/experiencia-em-traducao-de-artigo-cientifico\\\/\",\"name\":\"Experi\u00eancia em Tradu\u00e7\u00e3o de Artigo Cient\u00edfico - Zemo Tradu\u00e7\u00f5es\",\"isPartOf\":{\"@id\":\"https:\\\/\\\/zemo.com.br\\\/#website\"},\"datePublished\":\"2024-07-24T20:42:24+00:00\",\"dateModified\":\"2024-07-31T20:30:43+00:00\",\"description\":\"Destacamos a import\u00e2ncia da comunica\u00e7\u00e3o clara e precisa na \u00e1rea da pesquisa cient\u00edfica. Com anos de experi\u00eancia e um compromisso inabal\u00e1vel com a qualidade, nos destacamos na tradu\u00e7\u00e3o de artigos cient\u00edficos em uma ampla gama de disciplinas e idiomas.\",\"breadcrumb\":{\"@id\":\"https:\\\/\\\/zemo.com.br\\\/experiencia-em-traducao-de-artigo-cientifico\\\/#breadcrumb\"},\"inLanguage\":\"es\",\"potentialAction\":[{\"@type\":\"ReadAction\",\"target\":[\"https:\\\/\\\/zemo.com.br\\\/experiencia-em-traducao-de-artigo-cientifico\\\/\"]}]},{\"@type\":\"BreadcrumbList\",\"@id\":\"https:\\\/\\\/zemo.com.br\\\/experiencia-em-traducao-de-artigo-cientifico\\\/#breadcrumb\",\"itemListElement\":[{\"@type\":\"ListItem\",\"position\":1,\"name\":\"In\u00edcio\",\"item\":\"https:\\\/\\\/zemo.com.br\\\/\"},{\"@type\":\"ListItem\",\"position\":2,\"name\":\"Experi\u00eancia em Tradu\u00e7\u00e3o de Artigo Cient\u00edfico\"}]},{\"@type\":\"WebSite\",\"@id\":\"https:\\\/\\\/zemo.com.br\\\/#website\",\"url\":\"https:\\\/\\\/zemo.com.br\\\/\",\"name\":\"Zemo Tradu\u00e7\u00f5es\",\"description\":\"Fundada em 2003, Zemo j\u00e1 conquistou o mercado, devido ao servi\u00e7o r\u00e1pido e eficiente, realizando tradu\u00e7\u00f5es para empresas grandes e pequenas, sempre com o mesmo cuidado e uma minuciosa revis\u00e3o de texto, garantindo a precis\u00e3o nos m\u00ednimos detalhes.\",\"publisher\":{\"@id\":\"https:\\\/\\\/zemo.com.br\\\/#organization\"},\"potentialAction\":[{\"@type\":\"SearchAction\",\"target\":{\"@type\":\"EntryPoint\",\"urlTemplate\":\"https:\\\/\\\/zemo.com.br\\\/?s={search_term_string}\"},\"query-input\":{\"@type\":\"PropertyValueSpecification\",\"valueRequired\":true,\"valueName\":\"search_term_string\"}}],\"inLanguage\":\"es\"},{\"@type\":\"Organization\",\"@id\":\"https:\\\/\\\/zemo.com.br\\\/#organization\",\"name\":\"Zemo Tradu\u00e7\u00f5es\",\"url\":\"https:\\\/\\\/zemo.com.br\\\/\",\"logo\":{\"@type\":\"ImageObject\",\"inLanguage\":\"es\",\"@id\":\"https:\\\/\\\/zemo.com.br\\\/#\\\/schema\\\/logo\\\/image\\\/\",\"url\":\"https:\\\/\\\/zemo.com.br\\\/wp-content\\\/uploads\\\/2024\\\/07\\\/logo-zemo-512.png\",\"contentUrl\":\"https:\\\/\\\/zemo.com.br\\\/wp-content\\\/uploads\\\/2024\\\/07\\\/logo-zemo-512.png\",\"width\":512,\"height\":237,\"caption\":\"Zemo Tradu\u00e7\u00f5es\"},\"image\":{\"@id\":\"https:\\\/\\\/zemo.com.br\\\/#\\\/schema\\\/logo\\\/image\\\/\"},\"sameAs\":[\"https:\\\/\\\/www.facebook.com\\\/share\\\/cTvhJS1iCpy8EgLG\\\/?mibextid=qi2Omg\",\"https:\\\/\\\/www.instagram.com\\\/zemotraducoes\"]}]}<\/script>\n<!-- \/ Yoast SEO plugin. -->","yoast_head_json":{"title":"Experi\u00eancia em Tradu\u00e7\u00e3o de Artigo Cient\u00edfico - Zemo Tradu\u00e7\u00f5es","description":"Destacamos a import\u00e2ncia da comunica\u00e7\u00e3o clara e precisa na \u00e1rea da pesquisa cient\u00edfica. Com anos de experi\u00eancia e um compromisso inabal\u00e1vel com a qualidade, nos destacamos na tradu\u00e7\u00e3o de artigos cient\u00edficos em uma ampla gama de disciplinas e idiomas.","robots":{"index":"index","follow":"follow","max-snippet":"max-snippet:-1","max-image-preview":"max-image-preview:large","max-video-preview":"max-video-preview:-1"},"canonical":"https:\/\/zemo.com.br\/es\/experiencia-em-traducao-de-artigo-cientifico\/","og_locale":"es_ES","og_type":"article","og_title":"Experi\u00eancia em Tradu\u00e7\u00e3o de Artigo Cient\u00edfico - Zemo Tradu\u00e7\u00f5es","og_description":"Destacamos a import\u00e2ncia da comunica\u00e7\u00e3o clara e precisa na \u00e1rea da pesquisa cient\u00edfica. Com anos de experi\u00eancia e um compromisso inabal\u00e1vel com a qualidade, nos destacamos na tradu\u00e7\u00e3o de artigos cient\u00edficos em uma ampla gama de disciplinas e idiomas.","og_url":"https:\/\/zemo.com.br\/es\/experiencia-em-traducao-de-artigo-cientifico\/","og_site_name":"Zemo Tradu\u00e7\u00f5es","article_publisher":"https:\/\/www.facebook.com\/share\/cTvhJS1iCpy8EgLG\/?mibextid=qi2Omg","article_modified_time":"2024-07-31T20:30:43+00:00","og_image":[{"width":512,"height":237,"url":"https:\/\/zemo.com.br\/wp-content\/uploads\/2024\/07\/logo-zemo-512.png","type":"image\/png"}],"twitter_card":"summary_large_image","twitter_misc":{"Tiempo de lectura":"2 minutos"},"schema":{"@context":"https:\/\/schema.org","@graph":[{"@type":"WebPage","@id":"https:\/\/zemo.com.br\/experiencia-em-traducao-de-artigo-cientifico\/","url":"https:\/\/zemo.com.br\/experiencia-em-traducao-de-artigo-cientifico\/","name":"Experi\u00eancia em Tradu\u00e7\u00e3o de Artigo Cient\u00edfico - Zemo Tradu\u00e7\u00f5es","isPartOf":{"@id":"https:\/\/zemo.com.br\/#website"},"datePublished":"2024-07-24T20:42:24+00:00","dateModified":"2024-07-31T20:30:43+00:00","description":"Destacamos a import\u00e2ncia da comunica\u00e7\u00e3o clara e precisa na \u00e1rea da pesquisa cient\u00edfica. Com anos de experi\u00eancia e um compromisso inabal\u00e1vel com a qualidade, nos destacamos na tradu\u00e7\u00e3o de artigos cient\u00edficos em uma ampla gama de disciplinas e idiomas.","breadcrumb":{"@id":"https:\/\/zemo.com.br\/experiencia-em-traducao-de-artigo-cientifico\/#breadcrumb"},"inLanguage":"es","potentialAction":[{"@type":"ReadAction","target":["https:\/\/zemo.com.br\/experiencia-em-traducao-de-artigo-cientifico\/"]}]},{"@type":"BreadcrumbList","@id":"https:\/\/zemo.com.br\/experiencia-em-traducao-de-artigo-cientifico\/#breadcrumb","itemListElement":[{"@type":"ListItem","position":1,"name":"In\u00edcio","item":"https:\/\/zemo.com.br\/"},{"@type":"ListItem","position":2,"name":"Experi\u00eancia em Tradu\u00e7\u00e3o de Artigo Cient\u00edfico"}]},{"@type":"WebSite","@id":"https:\/\/zemo.com.br\/#website","url":"https:\/\/zemo.com.br\/","name":"Zemo Tradu\u00e7\u00f5es","description":"Fundada en 2003, Zemo ya conquist\u00f3 el mercado, ofreciendo servicio r\u00e1pido y eficiente, realizando traducciones para empresas grandes y peque\u00f1as, siempre con el mismo cuidado y una minuciosa revisi\u00f3n del texto, garantizando la precisi\u00f3n en los m\u00ednimos detalles.","publisher":{"@id":"https:\/\/zemo.com.br\/#organization"},"potentialAction":[{"@type":"SearchAction","target":{"@type":"EntryPoint","urlTemplate":"https:\/\/zemo.com.br\/?s={search_term_string}"},"query-input":{"@type":"PropertyValueSpecification","valueRequired":true,"valueName":"search_term_string"}}],"inLanguage":"es"},{"@type":"Organization","@id":"https:\/\/zemo.com.br\/#organization","name":"Zemo Tradu\u00e7\u00f5es","url":"https:\/\/zemo.com.br\/","logo":{"@type":"ImageObject","inLanguage":"es","@id":"https:\/\/zemo.com.br\/#\/schema\/logo\/image\/","url":"https:\/\/zemo.com.br\/wp-content\/uploads\/2024\/07\/logo-zemo-512.png","contentUrl":"https:\/\/zemo.com.br\/wp-content\/uploads\/2024\/07\/logo-zemo-512.png","width":512,"height":237,"caption":"Zemo Tradu\u00e7\u00f5es"},"image":{"@id":"https:\/\/zemo.com.br\/#\/schema\/logo\/image\/"},"sameAs":["https:\/\/www.facebook.com\/share\/cTvhJS1iCpy8EgLG\/?mibextid=qi2Omg","https:\/\/www.instagram.com\/zemotraducoes"]}]}},"_links":{"self":[{"href":"https:\/\/zemo.com.br\/es\/wp-json\/wp\/v2\/pages\/262","targetHints":{"allow":["GET"]}}],"collection":[{"href":"https:\/\/zemo.com.br\/es\/wp-json\/wp\/v2\/pages"}],"about":[{"href":"https:\/\/zemo.com.br\/es\/wp-json\/wp\/v2\/types\/page"}],"author":[{"embeddable":true,"href":"https:\/\/zemo.com.br\/es\/wp-json\/wp\/v2\/users\/1"}],"replies":[{"embeddable":true,"href":"https:\/\/zemo.com.br\/es\/wp-json\/wp\/v2\/comments?post=262"}],"version-history":[{"count":0,"href":"https:\/\/zemo.com.br\/es\/wp-json\/wp\/v2\/pages\/262\/revisions"}],"wp:attachment":[{"href":"https:\/\/zemo.com.br\/es\/wp-json\/wp\/v2\/media?parent=262"}],"curies":[{"name":"wp","href":"https:\/\/api.w.org\/{rel}","templated":true}]}}