{"id":285,"date":"2024-07-25T00:50:15","date_gmt":"2024-07-25T03:50:15","guid":{"rendered":"https:\/\/zemo.com.br\/dev\/?page_id=285"},"modified":"2024-07-31T17:33:26","modified_gmt":"2024-07-31T20:33:26","slug":"por-que-a-traducao-de-pesquisa-clinica-e-fundamental","status":"publish","type":"page","link":"https:\/\/zemo.com.br\/en\/por-que-a-traducao-de-pesquisa-clinica-e-fundamental\/","title":{"rendered":"Why the Translation of Clinical Research is Critical?"},"content":{"rendered":"<div data-elementor-type=\"wp-page\" data-elementor-id=\"285\" class=\"elementor elementor-285\" data-elementor-post-type=\"page\">\n\t\t\t\t<div class=\"elementor-element elementor-element-513b9aa e-con-full e-flex e-con e-parent\" data-id=\"513b9aa\" data-element_type=\"container\" data-settings=\"{&quot;background_background&quot;:&quot;classic&quot;}\">\n\t\t<div class=\"elementor-element elementor-element-72ba634 e-flex e-con-boxed e-con e-child\" data-id=\"72ba634\" data-element_type=\"container\">\n\t\t\t\t\t<div class=\"e-con-inner\">\n\t\t\t\t<div class=\"elementor-element elementor-element-ad901ad elementor-widget elementor-widget-heading\" data-id=\"ad901ad\" data-element_type=\"widget\" data-widget_type=\"heading.default\">\n\t\t\t\t<div class=\"elementor-widget-container\">\n\t\t\t\t\t<h1 class=\"elementor-heading-title elementor-size-default\">Why the Translation of Clinical Research is Critical?<\/h1>\t\t\t\t<\/div>\n\t\t\t\t<\/div>\n\t\t\t\t<div class=\"elementor-element elementor-element-26a1a63 elementor-widget elementor-widget-text-editor\" data-id=\"26a1a63\" data-element_type=\"widget\" data-widget_type=\"text-editor.default\">\n\t\t\t\t<div class=\"elementor-widget-container\">\n\t\t\t\t\t\t\t\t\t<p>Clinical research plays a crucial role in advancing medical science and developing new treatments and therapies for a variety of health conditions. However, in order for clinical research findings to be widely accessible and applicable on a global scale, it is essential that these findings are accurately translated into different languages.<\/p>\t\t\t\t\t\t\t\t<\/div>\n\t\t\t\t<\/div>\n\t\t\t\t<div class=\"elementor-element elementor-element-6a0d6d5 elementor-widget elementor-widget-heading\" data-id=\"6a0d6d5\" data-element_type=\"widget\" data-widget_type=\"heading.default\">\n\t\t\t\t<div class=\"elementor-widget-container\">\n\t\t\t\t\t<h2 class=\"elementor-heading-title elementor-size-default\">Universal Access:<\/h2>\t\t\t\t<\/div>\n\t\t\t\t<\/div>\n\t\t\t\t<div class=\"elementor-element elementor-element-ebbb181 elementor-widget elementor-widget-text-editor\" data-id=\"ebbb181\" data-element_type=\"widget\" data-widget_type=\"text-editor.default\">\n\t\t\t\t<div class=\"elementor-widget-container\">\n\t\t\t\t\t\t\t\t\t<p>Clinical research translation allows results to be understood and used by healthcare professionals, researchers, and patients around the world. This is critical to ensuring that advances in medicine are not confined to language boundaries, ensuring that everyone has equal access to the benefits of medical research.<\/p>\t\t\t\t\t\t\t\t<\/div>\n\t\t\t\t<\/div>\n\t\t\t\t<div class=\"elementor-element elementor-element-543a001 elementor-widget elementor-widget-heading\" data-id=\"543a001\" data-element_type=\"widget\" data-widget_type=\"heading.default\">\n\t\t\t\t<div class=\"elementor-widget-container\">\n\t\t\t\t\t<h2 class=\"elementor-heading-title elementor-size-default\">Accuracy and Consistency:<\/h2>\t\t\t\t<\/div>\n\t\t\t\t<\/div>\n\t\t\t\t<div class=\"elementor-element elementor-element-06b5763 elementor-widget elementor-widget-text-editor\" data-id=\"06b5763\" data-element_type=\"widget\" data-widget_type=\"text-editor.default\">\n\t\t\t\t<div class=\"elementor-widget-container\">\n\t\t\t\t\t\t\t\t\t<p>Accurate and consistent translation is essential to avoid misunderstandings and misinterpretations of clinical research results. Translation errors can lead to incorrect conclusions or inappropriate application of treatments, which can have serious consequences for the health of patients.<\/p>\t\t\t\t\t\t\t\t<\/div>\n\t\t\t\t<\/div>\n\t\t\t\t<div class=\"elementor-element elementor-element-723d47f elementor-widget elementor-widget-heading\" data-id=\"723d47f\" data-element_type=\"widget\" data-widget_type=\"heading.default\">\n\t\t\t\t<div class=\"elementor-widget-container\">\n\t\t\t\t\t<h2 class=\"elementor-heading-title elementor-size-default\">Regulatory Compliance:<\/h2>\t\t\t\t<\/div>\n\t\t\t\t<\/div>\n\t\t\t\t<div class=\"elementor-element elementor-element-80313f6 elementor-widget elementor-widget-text-editor\" data-id=\"80313f6\" data-element_type=\"widget\" data-widget_type=\"text-editor.default\">\n\t\t\t\t<div class=\"elementor-widget-container\">\n\t\t\t\t\t\t\t\t\t<p>In many cases, the translation of documents related to clinical research is necessary to comply with regulatory requirements in different countries. This is especially important in multinational clinical trials, where the translation of protocols, informed consents, and other documents is critical to ensure compliance with local and international standards.<\/p>\t\t\t\t\t\t\t\t<\/div>\n\t\t\t\t<\/div>\n\t\t\t\t<div class=\"elementor-element elementor-element-4c69207 elementor-widget elementor-widget-heading\" data-id=\"4c69207\" data-element_type=\"widget\" data-widget_type=\"heading.default\">\n\t\t\t\t<div class=\"elementor-widget-container\">\n\t\t\t\t\t<h2 class=\"elementor-heading-title elementor-size-default\">Respect for Cultural Diversity:<\/h2>\t\t\t\t<\/div>\n\t\t\t\t<\/div>\n\t\t\t\t<div class=\"elementor-element elementor-element-4684634 elementor-widget elementor-widget-text-editor\" data-id=\"4684634\" data-element_type=\"widget\" data-widget_type=\"text-editor.default\">\n\t\t\t\t<div class=\"elementor-widget-container\">\n\t\t\t\t\t\t\t\t\t<p>Each country and culture has its own medical norms and practices, as well as its own perspectives and beliefs regarding health and disease. Translating clinical research allows results to be contextualized and tailored to meet the specific needs and sensitivities of different communities, thereby promoting a more inclusive and culturally sensitive approach to healthcare.<\/p><p>In summary, the translation of clinical research plays a vital role in the dissemination and application of medical discoveries worldwide. Ensuring that these translations are accurate, consistent, and culturally relevant is essential to advancing medicine and improving health outcomes for all.<\/p>\t\t\t\t\t\t\t\t<\/div>\n\t\t\t\t<\/div>\n\t\t\t\t\t<\/div>\n\t\t\t\t<\/div>\n\t\t\t\t<\/div>\n\t\t\t\t<\/div>","protected":false},"excerpt":{"rendered":"<p>Por que a Tradu\u00e7\u00e3o de Pesquisa Cl\u00ednica \u00e9 Fundamental? A pesquisa cl\u00ednica desempenha um papel crucial no avan\u00e7o da ci\u00eancia [&hellip;]<\/p>\n","protected":false},"author":1,"featured_media":0,"parent":0,"menu_order":0,"comment_status":"closed","ping_status":"closed","template":"","meta":{"site-sidebar-layout":"no-sidebar","site-content-layout":"","ast-site-content-layout":"full-width-container","site-content-style":"default","site-sidebar-style":"default","ast-global-header-display":"","ast-banner-title-visibility":"","ast-main-header-display":"","ast-hfb-above-header-display":"","ast-hfb-below-header-display":"","ast-hfb-mobile-header-display":"","site-post-title":"disabled","ast-breadcrumbs-content":"","ast-featured-img":"disabled","footer-sml-layout":"","theme-transparent-header-meta":"","adv-header-id-meta":"","stick-header-meta":"","header-above-stick-meta":"","header-main-stick-meta":"","header-below-stick-meta":"","astra-migrate-meta-layouts":"default","ast-page-background-enabled":"default","ast-page-background-meta":{"desktop":{"background-color":"var(--ast-global-color-4)","background-image":"","background-repeat":"repeat","background-position":"center center","background-size":"auto","background-attachment":"scroll","background-type":"","background-media":"","overlay-type":"","overlay-color":"","overlay-opacity":"","overlay-gradient":""},"tablet":{"background-color":"","background-image":"","background-repeat":"repeat","background-position":"center center","background-size":"auto","background-attachment":"scroll","background-type":"","background-media":"","overlay-type":"","overlay-color":"","overlay-opacity":"","overlay-gradient":""},"mobile":{"background-color":"","background-image":"","background-repeat":"repeat","background-position":"center center","background-size":"auto","background-attachment":"scroll","background-type":"","background-media":"","overlay-type":"","overlay-color":"","overlay-opacity":"","overlay-gradient":""}},"ast-content-background-meta":{"desktop":{"background-color":"var(--ast-global-color-5)","background-image":"","background-repeat":"repeat","background-position":"center center","background-size":"auto","background-attachment":"scroll","background-type":"","background-media":"","overlay-type":"","overlay-color":"","overlay-opacity":"","overlay-gradient":""},"tablet":{"background-color":"var(--ast-global-color-5)","background-image":"","background-repeat":"repeat","background-position":"center center","background-size":"auto","background-attachment":"scroll","background-type":"","background-media":"","overlay-type":"","overlay-color":"","overlay-opacity":"","overlay-gradient":""},"mobile":{"background-color":"var(--ast-global-color-5)","background-image":"","background-repeat":"repeat","background-position":"center center","background-size":"auto","background-attachment":"scroll","background-type":"","background-media":"","overlay-type":"","overlay-color":"","overlay-opacity":"","overlay-gradient":""}},"footnotes":""},"class_list":["post-285","page","type-page","status-publish","hentry"],"yoast_head":"<!-- This site is optimized with the Yoast SEO plugin v27.3 - https:\/\/yoast.com\/product\/yoast-seo-wordpress\/ -->\n<title>Por que a Tradu\u00e7\u00e3o de Pesquisa Cl\u00ednica \u00e9 Fundamental? - Zemo Tradu\u00e7\u00f5es<\/title>\n<meta name=\"description\" content=\"A pesquisa cl\u00ednica desempenha um papel crucial no avan\u00e7o da ci\u00eancia m\u00e9dica e no desenvolvimento de novos tratamentos e terapias para uma variedade de condi\u00e7\u00f5es de sa\u00fade. No entanto, para que os resultados da pesquisa cl\u00ednica sejam amplamente acess\u00edveis e aplic\u00e1veis em uma escala global, \u00e9 essencial que essas descobertas sejam traduzidas com precis\u00e3o para diferentes idiomas.\" \/>\n<meta name=\"robots\" content=\"index, follow, max-snippet:-1, max-image-preview:large, max-video-preview:-1\" \/>\n<link rel=\"canonical\" href=\"https:\/\/zemo.com.br\/en\/por-que-a-traducao-de-pesquisa-clinica-e-fundamental\/\" \/>\n<meta property=\"og:locale\" content=\"en_US\" \/>\n<meta property=\"og:type\" content=\"article\" \/>\n<meta property=\"og:title\" content=\"Por que a Tradu\u00e7\u00e3o de Pesquisa Cl\u00ednica \u00e9 Fundamental? - Zemo Tradu\u00e7\u00f5es\" \/>\n<meta property=\"og:description\" content=\"A pesquisa cl\u00ednica desempenha um papel crucial no avan\u00e7o da ci\u00eancia m\u00e9dica e no desenvolvimento de novos tratamentos e terapias para uma variedade de condi\u00e7\u00f5es de sa\u00fade. No entanto, para que os resultados da pesquisa cl\u00ednica sejam amplamente acess\u00edveis e aplic\u00e1veis em uma escala global, \u00e9 essencial que essas descobertas sejam traduzidas com precis\u00e3o para diferentes idiomas.\" \/>\n<meta property=\"og:url\" content=\"https:\/\/zemo.com.br\/en\/por-que-a-traducao-de-pesquisa-clinica-e-fundamental\/\" \/>\n<meta property=\"og:site_name\" content=\"Zemo Tradu\u00e7\u00f5es\" \/>\n<meta property=\"article:publisher\" content=\"https:\/\/www.facebook.com\/share\/cTvhJS1iCpy8EgLG\/?mibextid=qi2Omg\" \/>\n<meta property=\"article:modified_time\" content=\"2024-07-31T20:33:26+00:00\" \/>\n<meta property=\"og:image\" content=\"https:\/\/zemo.com.br\/wp-content\/uploads\/2024\/07\/logo-zemo-512.png\" \/>\n\t<meta property=\"og:image:width\" content=\"512\" \/>\n\t<meta property=\"og:image:height\" content=\"237\" \/>\n\t<meta property=\"og:image:type\" content=\"image\/png\" \/>\n<meta name=\"twitter:card\" content=\"summary_large_image\" \/>\n<meta name=\"twitter:label1\" content=\"Est. reading time\" \/>\n\t<meta name=\"twitter:data1\" content=\"2 minutes\" \/>\n<script type=\"application\/ld+json\" class=\"yoast-schema-graph\">{\"@context\":\"https:\\\/\\\/schema.org\",\"@graph\":[{\"@type\":\"WebPage\",\"@id\":\"https:\\\/\\\/zemo.com.br\\\/por-que-a-traducao-de-pesquisa-clinica-e-fundamental\\\/\",\"url\":\"https:\\\/\\\/zemo.com.br\\\/por-que-a-traducao-de-pesquisa-clinica-e-fundamental\\\/\",\"name\":\"Por que a Tradu\u00e7\u00e3o de Pesquisa Cl\u00ednica \u00e9 Fundamental? - Zemo Tradu\u00e7\u00f5es\",\"isPartOf\":{\"@id\":\"https:\\\/\\\/zemo.com.br\\\/#website\"},\"datePublished\":\"2024-07-25T03:50:15+00:00\",\"dateModified\":\"2024-07-31T20:33:26+00:00\",\"description\":\"A pesquisa cl\u00ednica desempenha um papel crucial no avan\u00e7o da ci\u00eancia m\u00e9dica e no desenvolvimento de novos tratamentos e terapias para uma variedade de condi\u00e7\u00f5es de sa\u00fade. No entanto, para que os resultados da pesquisa cl\u00ednica sejam amplamente acess\u00edveis e aplic\u00e1veis em uma escala global, \u00e9 essencial que essas descobertas sejam traduzidas com precis\u00e3o para diferentes idiomas.\",\"breadcrumb\":{\"@id\":\"https:\\\/\\\/zemo.com.br\\\/por-que-a-traducao-de-pesquisa-clinica-e-fundamental\\\/#breadcrumb\"},\"inLanguage\":\"en-US\",\"potentialAction\":[{\"@type\":\"ReadAction\",\"target\":[\"https:\\\/\\\/zemo.com.br\\\/por-que-a-traducao-de-pesquisa-clinica-e-fundamental\\\/\"]}]},{\"@type\":\"BreadcrumbList\",\"@id\":\"https:\\\/\\\/zemo.com.br\\\/por-que-a-traducao-de-pesquisa-clinica-e-fundamental\\\/#breadcrumb\",\"itemListElement\":[{\"@type\":\"ListItem\",\"position\":1,\"name\":\"In\u00edcio\",\"item\":\"https:\\\/\\\/zemo.com.br\\\/\"},{\"@type\":\"ListItem\",\"position\":2,\"name\":\"Por que a Tradu\u00e7\u00e3o de Pesquisa Cl\u00ednica \u00e9 Fundamental?\"}]},{\"@type\":\"WebSite\",\"@id\":\"https:\\\/\\\/zemo.com.br\\\/#website\",\"url\":\"https:\\\/\\\/zemo.com.br\\\/\",\"name\":\"Zemo Tradu\u00e7\u00f5es\",\"description\":\"Fundada em 2003, Zemo j\u00e1 conquistou o mercado, devido ao servi\u00e7o r\u00e1pido e eficiente, realizando tradu\u00e7\u00f5es para empresas grandes e pequenas, sempre com o mesmo cuidado e uma minuciosa revis\u00e3o de texto, garantindo a precis\u00e3o nos m\u00ednimos detalhes.\",\"publisher\":{\"@id\":\"https:\\\/\\\/zemo.com.br\\\/#organization\"},\"potentialAction\":[{\"@type\":\"SearchAction\",\"target\":{\"@type\":\"EntryPoint\",\"urlTemplate\":\"https:\\\/\\\/zemo.com.br\\\/?s={search_term_string}\"},\"query-input\":{\"@type\":\"PropertyValueSpecification\",\"valueRequired\":true,\"valueName\":\"search_term_string\"}}],\"inLanguage\":\"en-US\"},{\"@type\":\"Organization\",\"@id\":\"https:\\\/\\\/zemo.com.br\\\/#organization\",\"name\":\"Zemo Tradu\u00e7\u00f5es\",\"url\":\"https:\\\/\\\/zemo.com.br\\\/\",\"logo\":{\"@type\":\"ImageObject\",\"inLanguage\":\"en-US\",\"@id\":\"https:\\\/\\\/zemo.com.br\\\/#\\\/schema\\\/logo\\\/image\\\/\",\"url\":\"https:\\\/\\\/zemo.com.br\\\/wp-content\\\/uploads\\\/2024\\\/07\\\/logo-zemo-512.png\",\"contentUrl\":\"https:\\\/\\\/zemo.com.br\\\/wp-content\\\/uploads\\\/2024\\\/07\\\/logo-zemo-512.png\",\"width\":512,\"height\":237,\"caption\":\"Zemo Tradu\u00e7\u00f5es\"},\"image\":{\"@id\":\"https:\\\/\\\/zemo.com.br\\\/#\\\/schema\\\/logo\\\/image\\\/\"},\"sameAs\":[\"https:\\\/\\\/www.facebook.com\\\/share\\\/cTvhJS1iCpy8EgLG\\\/?mibextid=qi2Omg\",\"https:\\\/\\\/www.instagram.com\\\/zemotraducoes\"]}]}<\/script>\n<!-- \/ Yoast SEO plugin. -->","yoast_head_json":{"title":"Por que a Tradu\u00e7\u00e3o de Pesquisa Cl\u00ednica \u00e9 Fundamental? - Zemo Tradu\u00e7\u00f5es","description":"Clinical research plays a crucial role in advancing medical science and developing new treatments and therapies for a variety of health conditions. However, in order for clinical research findings to be widely accessible and applicable on a global scale, it is essential that these findings are accurately translated into different languages.","robots":{"index":"index","follow":"follow","max-snippet":"max-snippet:-1","max-image-preview":"max-image-preview:large","max-video-preview":"max-video-preview:-1"},"canonical":"https:\/\/zemo.com.br\/en\/por-que-a-traducao-de-pesquisa-clinica-e-fundamental\/","og_locale":"en_US","og_type":"article","og_title":"Por que a Tradu\u00e7\u00e3o de Pesquisa Cl\u00ednica \u00e9 Fundamental? - Zemo Tradu\u00e7\u00f5es","og_description":"A pesquisa cl\u00ednica desempenha um papel crucial no avan\u00e7o da ci\u00eancia m\u00e9dica e no desenvolvimento de novos tratamentos e terapias para uma variedade de condi\u00e7\u00f5es de sa\u00fade. No entanto, para que os resultados da pesquisa cl\u00ednica sejam amplamente acess\u00edveis e aplic\u00e1veis em uma escala global, \u00e9 essencial que essas descobertas sejam traduzidas com precis\u00e3o para diferentes idiomas.","og_url":"https:\/\/zemo.com.br\/en\/por-que-a-traducao-de-pesquisa-clinica-e-fundamental\/","og_site_name":"Zemo Tradu\u00e7\u00f5es","article_publisher":"https:\/\/www.facebook.com\/share\/cTvhJS1iCpy8EgLG\/?mibextid=qi2Omg","article_modified_time":"2024-07-31T20:33:26+00:00","og_image":[{"width":512,"height":237,"url":"https:\/\/zemo.com.br\/wp-content\/uploads\/2024\/07\/logo-zemo-512.png","type":"image\/png"}],"twitter_card":"summary_large_image","twitter_misc":{"Est. reading time":"2 minutes"},"schema":{"@context":"https:\/\/schema.org","@graph":[{"@type":"WebPage","@id":"https:\/\/zemo.com.br\/por-que-a-traducao-de-pesquisa-clinica-e-fundamental\/","url":"https:\/\/zemo.com.br\/por-que-a-traducao-de-pesquisa-clinica-e-fundamental\/","name":"Por que a Tradu\u00e7\u00e3o de Pesquisa Cl\u00ednica \u00e9 Fundamental? - Zemo Tradu\u00e7\u00f5es","isPartOf":{"@id":"https:\/\/zemo.com.br\/#website"},"datePublished":"2024-07-25T03:50:15+00:00","dateModified":"2024-07-31T20:33:26+00:00","description":"Clinical research plays a crucial role in advancing medical science and developing new treatments and therapies for a variety of health conditions. However, in order for clinical research findings to be widely accessible and applicable on a global scale, it is essential that these findings are accurately translated into different languages.","breadcrumb":{"@id":"https:\/\/zemo.com.br\/por-que-a-traducao-de-pesquisa-clinica-e-fundamental\/#breadcrumb"},"inLanguage":"en-US","potentialAction":[{"@type":"ReadAction","target":["https:\/\/zemo.com.br\/por-que-a-traducao-de-pesquisa-clinica-e-fundamental\/"]}]},{"@type":"BreadcrumbList","@id":"https:\/\/zemo.com.br\/por-que-a-traducao-de-pesquisa-clinica-e-fundamental\/#breadcrumb","itemListElement":[{"@type":"ListItem","position":1,"name":"In\u00edcio","item":"https:\/\/zemo.com.br\/"},{"@type":"ListItem","position":2,"name":"Por que a Tradu\u00e7\u00e3o de Pesquisa Cl\u00ednica \u00e9 Fundamental?"}]},{"@type":"WebSite","@id":"https:\/\/zemo.com.br\/#website","url":"https:\/\/zemo.com.br\/","name":"Zemo Tradu\u00e7\u00f5es","description":"Founded in 2003, Zemo has already conquered the market, offering fast and efficient service, carrying out translations for large and small companies, always with the same care and a thorough text revision to assure the precision in all the details.","publisher":{"@id":"https:\/\/zemo.com.br\/#organization"},"potentialAction":[{"@type":"SearchAction","target":{"@type":"EntryPoint","urlTemplate":"https:\/\/zemo.com.br\/?s={search_term_string}"},"query-input":{"@type":"PropertyValueSpecification","valueRequired":true,"valueName":"search_term_string"}}],"inLanguage":"en-US"},{"@type":"Organization","@id":"https:\/\/zemo.com.br\/#organization","name":"Zemo Tradu\u00e7\u00f5es","url":"https:\/\/zemo.com.br\/","logo":{"@type":"ImageObject","inLanguage":"en-US","@id":"https:\/\/zemo.com.br\/#\/schema\/logo\/image\/","url":"https:\/\/zemo.com.br\/wp-content\/uploads\/2024\/07\/logo-zemo-512.png","contentUrl":"https:\/\/zemo.com.br\/wp-content\/uploads\/2024\/07\/logo-zemo-512.png","width":512,"height":237,"caption":"Zemo Tradu\u00e7\u00f5es"},"image":{"@id":"https:\/\/zemo.com.br\/#\/schema\/logo\/image\/"},"sameAs":["https:\/\/www.facebook.com\/share\/cTvhJS1iCpy8EgLG\/?mibextid=qi2Omg","https:\/\/www.instagram.com\/zemotraducoes"]}]}},"_links":{"self":[{"href":"https:\/\/zemo.com.br\/en\/wp-json\/wp\/v2\/pages\/285","targetHints":{"allow":["GET"]}}],"collection":[{"href":"https:\/\/zemo.com.br\/en\/wp-json\/wp\/v2\/pages"}],"about":[{"href":"https:\/\/zemo.com.br\/en\/wp-json\/wp\/v2\/types\/page"}],"author":[{"embeddable":true,"href":"https:\/\/zemo.com.br\/en\/wp-json\/wp\/v2\/users\/1"}],"replies":[{"embeddable":true,"href":"https:\/\/zemo.com.br\/en\/wp-json\/wp\/v2\/comments?post=285"}],"version-history":[{"count":0,"href":"https:\/\/zemo.com.br\/en\/wp-json\/wp\/v2\/pages\/285\/revisions"}],"wp:attachment":[{"href":"https:\/\/zemo.com.br\/en\/wp-json\/wp\/v2\/media?parent=285"}],"curies":[{"name":"wp","href":"https:\/\/api.w.org\/{rel}","templated":true}]}}